{"id":5388,"date":"2022-03-14T04:14:28","date_gmt":"2022-03-14T04:14:28","guid":{"rendered":"http:\/\/bluesapphire-hr.com\/?page_id=5388"},"modified":"2022-03-15T06:56:40","modified_gmt":"2022-03-15T06:56:40","slug":"psychometric-tests","status":"publish","type":"page","link":"https:\/\/bluesapphire-hr.com\/es\/services\/psychometric-tests\/","title":{"rendered":"Pruebas psicom\u00e9tricas"},"content":{"rendered":"<div data-elementor-type=\"wp-page\" data-elementor-id=\"5388\" class=\"elementor elementor-5388\" data-elementor-post-type=\"page\">\n\t\t\t\t\t\t<section class=\"elementor-section elementor-top-section elementor-element elementor-element-1e35f0d elementor-section-content-middle ot-traditional elementor-section-boxed elementor-section-height-default elementor-section-height-default\" data-id=\"1e35f0d\" data-element_type=\"section\" data-e-type=\"section\">\n\t\t\t\t\t\t<div class=\"elementor-container elementor-column-gap-extended\">\n\t\t\t\t\t<div class=\"elementor-column elementor-col-100 elementor-top-column elementor-element elementor-element-00a73be ot-flex-column-vertical\" data-id=\"00a73be\" data-element_type=\"column\" data-e-type=\"column\">\n\t\t\t<div class=\"elementor-widget-wrap elementor-element-populated\">\n\t\t\t\t\t\t<div class=\"elementor-element elementor-element-a0ff64a elementor-widget elementor-widget-iheading\" data-id=\"a0ff64a\" data-element_type=\"widget\" data-e-type=\"widget\" data-widget_type=\"iheading.default\">\n\t\t\t\t<div class=\"elementor-widget-container\">\n\t\t\t\t\t\t\t<div class=\"ot-heading\">\r\n\t        \t            <span>Servicios<\/span>\r\n\t        <h2 class=\"main-heading\">Una herramienta indispensable para la toma de decisiones en los departamentos de recursos humanos.<\/h2>\t    <\/div>\r\n\t    \t\t\t\t<\/div>\n\t\t\t\t<\/div>\n\t\t\t\t<div class=\"elementor-element elementor-element-e8ec9ba elementor-widget elementor-widget-image\" data-id=\"e8ec9ba\" data-element_type=\"widget\" data-e-type=\"widget\" data-widget_type=\"image.default\">\n\t\t\t\t<div class=\"elementor-widget-container\">\n\t\t\t\t\t\t\t\t\t\t\t\t\t\t\t<img fetchpriority=\"high\" decoding=\"async\" width=\"1200\" height=\"630\" src=\"https:\/\/bluesapphire-hr.com\/wp-content\/uploads\/2022\/03\/shutterstock_742606042.jpg\" class=\"attachment-1536x1536 size-1536x1536 wp-image-5667\" alt=\"\" srcset=\"https:\/\/bluesapphire-hr.com\/wp-content\/uploads\/2022\/03\/shutterstock_742606042.jpg 1200w, https:\/\/bluesapphire-hr.com\/wp-content\/uploads\/2022\/03\/shutterstock_742606042-300x158.jpg 300w, https:\/\/bluesapphire-hr.com\/wp-content\/uploads\/2022\/03\/shutterstock_742606042-1024x538.jpg 1024w, https:\/\/bluesapphire-hr.com\/wp-content\/uploads\/2022\/03\/shutterstock_742606042-768x403.jpg 768w, https:\/\/bluesapphire-hr.com\/wp-content\/uploads\/2022\/03\/shutterstock_742606042-18x9.jpg 18w, https:\/\/bluesapphire-hr.com\/wp-content\/uploads\/2022\/03\/shutterstock_742606042-720x378.jpg 720w\" sizes=\"(max-width: 1200px) 100vw, 1200px\" \/>\t\t\t\t\t\t\t\t\t\t\t\t\t\t\t<\/div>\n\t\t\t\t<\/div>\n\t\t\t\t<div class=\"elementor-element elementor-element-ada6bcc elementor-widget elementor-widget-text-editor\" data-id=\"ada6bcc\" data-element_type=\"widget\" data-e-type=\"widget\" data-widget_type=\"text-editor.default\">\n\t\t\t\t<div class=\"elementor-widget-container\">\n\t\t\t\t\t\t\t\t\t<p>Una de las grandes preocupaciones que tienen las empresas es saber si contrataron al talento correcto, a pesar de todos los procesos de selecci\u00f3n, muchas veces no son garant\u00eda para una contrataci\u00f3n correcta.<\/p><p>Las pruebas psicom\u00e9tricas han evolucionado, y paso a paso se han convertido en un instrumento indispensable para la toma de decisiones de los departamentos de recursos humanos.<\/p><p>Estas pruebas entregan informaci\u00f3n de una manera transparente, influyendo radicalmente entre una contrataci\u00f3n correcta o no.<\/p>\t\t\t\t\t\t\t\t<\/div>\n\t\t\t\t<\/div>\n\t\t\t\t\t<\/div>\n\t\t<\/div>\n\t\t\t\t\t<\/div>\n\t\t<\/section>\n\t\t\t\t<section class=\"elementor-section elementor-top-section elementor-element elementor-element-70d4bb7 elementor-section-full_width ot-traditional elementor-section-height-default elementor-section-height-default\" data-id=\"70d4bb7\" data-element_type=\"section\" data-e-type=\"section\" data-settings=\"{&quot;background_background&quot;:&quot;classic&quot;}\">\n\t\t\t\t\t\t<div class=\"elementor-container elementor-column-gap-no\">\n\t\t\t\t\t<div class=\"elementor-column elementor-col-100 elementor-top-column elementor-element elementor-element-c76b030 ot-flex-column-vertical\" data-id=\"c76b030\" data-element_type=\"column\" data-e-type=\"column\">\n\t\t\t<div class=\"elementor-widget-wrap elementor-element-populated\">\n\t\t\t\t\t\t<section class=\"elementor-section elementor-inner-section elementor-element elementor-element-0b8d093 elementor-section-full_width ot-traditional elementor-section-height-default elementor-section-height-default\" data-id=\"0b8d093\" data-element_type=\"section\" data-e-type=\"section\">\n\t\t\t\t\t\t<div class=\"elementor-container elementor-column-gap-default\">\n\t\t\t\t\t<div class=\"elementor-column elementor-col-50 elementor-inner-column elementor-element elementor-element-9d5f43a ot-flex-column-vertical\" data-id=\"9d5f43a\" data-element_type=\"column\" data-e-type=\"column\">\n\t\t\t<div class=\"elementor-widget-wrap elementor-element-populated\">\n\t\t\t\t\t\t<div class=\"elementor-element elementor-element-b84bfc4 elementor-widget elementor-widget-iheading\" data-id=\"b84bfc4\" data-element_type=\"widget\" data-e-type=\"widget\" data-widget_type=\"iheading.default\">\n\t\t\t\t<div class=\"elementor-widget-container\">\n\t\t\t\t\t\t\t<div class=\"ot-heading\">\r\n\t        \t            <span>Tambi\u00e9n<\/span>\r\n\t        <h2 class=\"main-heading\">\u00bfQu\u00e9 es una prueba psicom\u00e9trica?<\/h2>\t    <\/div>\r\n\t    \t\t\t\t<\/div>\n\t\t\t\t<\/div>\n\t\t\t\t<div class=\"elementor-element elementor-element-fad47ff elementor-widget elementor-widget-text-editor\" data-id=\"fad47ff\" data-element_type=\"widget\" data-e-type=\"widget\" data-widget_type=\"text-editor.default\">\n\t\t\t\t<div class=\"elementor-widget-container\">\n\t\t\t\t\t\t\t\t\t<p>Estas pruebas psicom\u00e9tricas contienen varios atributos, entre ellos, detectar el potencial laboral, aspiraciones, comportamientos, habilidades, preferencias y muchas m\u00e1s. Cada una es diferente seg\u00fan el perfil del puesto al que se desee aplicar, requerimiento de la organizaci\u00f3n, intereses y cantidad de atestados.<\/p><p>Con las pruebas psicom\u00e9tricas de Blue Sapphire HR, tendr\u00e1 un panorama amplio, facilitando la toma de decisi\u00f3n con respecto al candidato id\u00f3neo para el perfil de puesto a ocupar.<\/p><p>Tambi\u00e9n estas pruebas se pueden aplicar a lo interno de la organizaci\u00f3n, determinando fortalezas y debilidades por subsanar como equipo, alineando los objetivos de la empresa con el desarrollo de los empleados.<\/p><p>Adem\u00e1s de tomar decisiones, estas pruebas psicom\u00e9tricas son instrumentos iniciales para el dise\u00f1o e implementaci\u00f3n de estrategias organizacionales, reduciendo el riesgo de contratar candidatos equivocados, costos de capacitaciones y calidad de la fuerza laboral.<\/p><p><strong>Estamos interesados en conocer sus requerimientos, as\u00ed nuestro equipo de capacitaci\u00f3n le asesorar\u00e1 de la mejor manera.<\/strong><\/p>\t\t\t\t\t\t\t\t<\/div>\n\t\t\t\t<\/div>\n\t\t\t\t\t<\/div>\n\t\t<\/div>\n\t\t\t\t<div class=\"elementor-column elementor-col-50 elementor-inner-column elementor-element elementor-element-d68825d ot-flex-column-vertical\" data-id=\"d68825d\" data-element_type=\"column\" data-e-type=\"column\">\n\t\t\t<div class=\"elementor-widget-wrap elementor-element-populated\">\n\t\t\t\t\t\t<div class=\"elementor-element elementor-element-d9cde76 elementor-widget elementor-widget-image\" data-id=\"d9cde76\" data-element_type=\"widget\" data-e-type=\"widget\" data-widget_type=\"image.default\">\n\t\t\t\t<div class=\"elementor-widget-container\">\n\t\t\t\t\t\t\t\t\t\t\t\t\t\t\t<img decoding=\"async\" src=\"https:\/\/bluesapphire-hr.com\/wp-content\/uploads\/elementor\/thumbs\/feb2018_how_to_prepare_for_a_psychometric_assessment_940x485-plvszm82ds6ce7mllacl4w5kjp67hofkr25g6pahvs.jpg\" title=\"feb2018_how_to_prepare_for_a_psychometric_assessment_940x485\" alt=\"feb2018_how_to_prepare_for_a_psychometric_assessment_940x485\" loading=\"lazy\" \/>\t\t\t\t\t\t\t\t\t\t\t\t\t\t\t<\/div>\n\t\t\t\t<\/div>\n\t\t\t\t\t<\/div>\n\t\t<\/div>\n\t\t\t\t\t<\/div>\n\t\t<\/section>\n\t\t\t\t\t<\/div>\n\t\t<\/div>\n\t\t\t\t\t<\/div>\n\t\t<\/section>\n\t\t\t\t<section class=\"elementor-section elementor-top-section elementor-element elementor-element-cde16f7 ot-traditional elementor-section-boxed elementor-section-height-default elementor-section-height-default\" data-id=\"cde16f7\" data-element_type=\"section\" data-e-type=\"section\">\n\t\t\t\t\t\t<div class=\"elementor-container elementor-column-gap-default\">\n\t\t\t\t\t<div class=\"elementor-column elementor-col-100 elementor-top-column elementor-element elementor-element-8db714d ot-flex-column-vertical\" data-id=\"8db714d\" data-element_type=\"column\" data-e-type=\"column\">\n\t\t\t<div class=\"elementor-widget-wrap elementor-element-populated\">\n\t\t\t\t\t\t<section class=\"elementor-section elementor-inner-section elementor-element elementor-element-fe5f8f2 elementor-section-full_width elementor-section-content-bottom ot-traditional elementor-section-height-default elementor-section-height-default\" data-id=\"fe5f8f2\" data-element_type=\"section\" data-e-type=\"section\" data-settings=\"{&quot;background_background&quot;:&quot;classic&quot;}\">\n\t\t\t\t\t\t\t<div class=\"elementor-background-overlay\"><\/div>\n\t\t\t\t\t\t\t<div class=\"elementor-container elementor-column-gap-extended\">\n\t\t\t\t\t<div class=\"elementor-column elementor-col-50 elementor-inner-column elementor-element elementor-element-f8018a6 ot-flex-column-vertical\" data-id=\"f8018a6\" data-element_type=\"column\" data-e-type=\"column\">\n\t\t\t<div class=\"elementor-widget-wrap elementor-element-populated\">\n\t\t\t\t\t\t<div class=\"elementor-element elementor-element-57692bd elementor-widget elementor-widget-iheading\" data-id=\"57692bd\" data-element_type=\"widget\" data-e-type=\"widget\" data-widget_type=\"iheading.default\">\n\t\t\t\t<div class=\"elementor-widget-container\">\n\t\t\t\t\t\t\t<div class=\"ot-heading\">\r\n\t        \t            <span>Pongase en contacto<\/span>\r\n\t        <h2 class=\"main-heading\">Necesita m\u00e1s informaci\u00f3n?\n<\/h2>\t    <\/div>\r\n\t    \t\t\t\t<\/div>\n\t\t\t\t<\/div>\n\t\t\t\t\t<\/div>\n\t\t<\/div>\n\t\t\t\t<div class=\"elementor-column elementor-col-50 elementor-inner-column elementor-element elementor-element-1a43ae4 ot-flex-column-vertical\" data-id=\"1a43ae4\" data-element_type=\"column\" data-e-type=\"column\">\n\t\t\t<div class=\"elementor-widget-wrap elementor-element-populated\">\n\t\t\t\t\t\t<div class=\"elementor-element elementor-element-c4e14e7 elementor-align-right elementor-mobile-align-left elementor-widget elementor-widget-button\" data-id=\"c4e14e7\" data-element_type=\"widget\" data-e-type=\"widget\" data-widget_type=\"button.default\">\n\t\t\t\t<div class=\"elementor-widget-container\">\n\t\t\t\t\t\t\t\t\t<div class=\"elementor-button-wrapper\">\n\t\t\t\t\t<a class=\"elementor-button elementor-button-link elementor-size-md\" href=\"http:\/\/bluesapphire-hr.com\/es\/contact-us\/\">\n\t\t\t\t\t\t<span class=\"elementor-button-content-wrapper\">\n\t\t\t\t\t\t\t\t\t<span class=\"elementor-button-text\">Cont\u00e1ctenos<\/span>\n\t\t\t\t\t<\/span>\n\t\t\t\t\t<\/a>\n\t\t\t\t<\/div>\n\t\t\t\t\t\t\t\t<\/div>\n\t\t\t\t<\/div>\n\t\t\t\t\t<\/div>\n\t\t<\/div>\n\t\t\t\t\t<\/div>\n\t\t<\/section>\n\t\t\t\t\t<\/div>\n\t\t<\/div>\n\t\t\t\t\t<\/div>\n\t\t<\/section>\n\t\t\t\t<\/div>","protected":false},"excerpt":{"rendered":"<p>Services An indispensable tool for decision-making in human resources departments. One of the great concerns that companies have is to know if they hired the right talent, despite all the selection processes, many times they are not a guarantee for correct hiring. Psychometric tests have evolved, and step by step they have become an indispensable [&hellip;]<\/p>\n","protected":false},"author":1,"featured_media":0,"parent":5052,"menu_order":0,"comment_status":"closed","ping_status":"closed","template":"","meta":{"footnotes":""},"class_list":["post-5388","page","type-page","status-publish","hentry"],"_links":{"self":[{"href":"https:\/\/bluesapphire-hr.com\/es\/wp-json\/wp\/v2\/pages\/5388","targetHints":{"allow":["GET"]}}],"collection":[{"href":"https:\/\/bluesapphire-hr.com\/es\/wp-json\/wp\/v2\/pages"}],"about":[{"href":"https:\/\/bluesapphire-hr.com\/es\/wp-json\/wp\/v2\/types\/page"}],"author":[{"embeddable":true,"href":"https:\/\/bluesapphire-hr.com\/es\/wp-json\/wp\/v2\/users\/1"}],"replies":[{"embeddable":true,"href":"https:\/\/bluesapphire-hr.com\/es\/wp-json\/wp\/v2\/comments?post=5388"}],"version-history":[{"count":13,"href":"https:\/\/bluesapphire-hr.com\/es\/wp-json\/wp\/v2\/pages\/5388\/revisions"}],"predecessor-version":[{"id":5673,"href":"https:\/\/bluesapphire-hr.com\/es\/wp-json\/wp\/v2\/pages\/5388\/revisions\/5673"}],"up":[{"embeddable":true,"href":"https:\/\/bluesapphire-hr.com\/es\/wp-json\/wp\/v2\/pages\/5052"}],"wp:attachment":[{"href":"https:\/\/bluesapphire-hr.com\/es\/wp-json\/wp\/v2\/media?parent=5388"}],"curies":[{"name":"wp","href":"https:\/\/api.w.org\/{rel}","templated":true}]}}