{"id":5357,"date":"2022-03-14T03:53:50","date_gmt":"2022-03-14T03:53:50","guid":{"rendered":"http:\/\/bluesapphire-hr.com\/?page_id=5357"},"modified":"2022-03-15T06:19:12","modified_gmt":"2022-03-15T06:19:12","slug":"collaborators-manuals","status":"publish","type":"page","link":"https:\/\/bluesapphire-hr.com\/es\/services\/collaborators-manuals\/","title":{"rendered":"Manuales de empleados"},"content":{"rendered":"<div data-elementor-type=\"wp-page\" data-elementor-id=\"5357\" class=\"elementor elementor-5357\" data-elementor-post-type=\"page\">\n\t\t\t\t\t\t<section class=\"elementor-section elementor-top-section elementor-element elementor-element-1e35f0d elementor-section-content-middle ot-traditional elementor-section-boxed elementor-section-height-default elementor-section-height-default\" data-id=\"1e35f0d\" data-element_type=\"section\" data-e-type=\"section\">\n\t\t\t\t\t\t<div class=\"elementor-container elementor-column-gap-extended\">\n\t\t\t\t\t<div class=\"elementor-column elementor-col-100 elementor-top-column elementor-element elementor-element-00a73be ot-flex-column-vertical\" data-id=\"00a73be\" data-element_type=\"column\" data-e-type=\"column\">\n\t\t\t<div class=\"elementor-widget-wrap elementor-element-populated\">\n\t\t\t\t\t\t<div class=\"elementor-element elementor-element-a0ff64a elementor-widget elementor-widget-iheading\" data-id=\"a0ff64a\" data-element_type=\"widget\" data-e-type=\"widget\" data-widget_type=\"iheading.default\">\n\t\t\t\t<div class=\"elementor-widget-container\">\n\t\t\t\t\t\t\t<div class=\"ot-heading\">\r\n\t        \t            <span>Servicios<\/span>\r\n\t        <h2 class=\"main-heading\">Entendemos la prioridad de las empresas de tener manuales de empleados definidos<\/h2>\t    <\/div>\r\n\t    \t\t\t\t<\/div>\n\t\t\t\t<\/div>\n\t\t\t\t<div class=\"elementor-element elementor-element-e8ec9ba elementor-widget elementor-widget-image\" data-id=\"e8ec9ba\" data-element_type=\"widget\" data-e-type=\"widget\" data-widget_type=\"image.default\">\n\t\t\t\t<div class=\"elementor-widget-container\">\n\t\t\t\t\t\t\t\t\t\t\t\t\t\t\t<img fetchpriority=\"high\" decoding=\"async\" width=\"1024\" height=\"576\" src=\"https:\/\/bluesapphire-hr.com\/wp-content\/uploads\/2022\/03\/employee-handbook-1280x720-1-1024x576.jpg\" class=\"attachment-large size-large wp-image-5643\" alt=\"\" srcset=\"https:\/\/bluesapphire-hr.com\/wp-content\/uploads\/2022\/03\/employee-handbook-1280x720-1-1024x576.jpg 1024w, https:\/\/bluesapphire-hr.com\/wp-content\/uploads\/2022\/03\/employee-handbook-1280x720-1-300x169.jpg 300w, https:\/\/bluesapphire-hr.com\/wp-content\/uploads\/2022\/03\/employee-handbook-1280x720-1-768x432.jpg 768w, https:\/\/bluesapphire-hr.com\/wp-content\/uploads\/2022\/03\/employee-handbook-1280x720-1-18x10.jpg 18w, https:\/\/bluesapphire-hr.com\/wp-content\/uploads\/2022\/03\/employee-handbook-1280x720-1-720x405.jpg 720w, https:\/\/bluesapphire-hr.com\/wp-content\/uploads\/2022\/03\/employee-handbook-1280x720-1.jpg 1280w\" sizes=\"(max-width: 1024px) 100vw, 1024px\" \/>\t\t\t\t\t\t\t\t\t\t\t\t\t\t\t<\/div>\n\t\t\t\t<\/div>\n\t\t\t\t<div class=\"elementor-element elementor-element-ada6bcc elementor-widget elementor-widget-text-editor\" data-id=\"ada6bcc\" data-element_type=\"widget\" data-e-type=\"widget\" data-widget_type=\"text-editor.default\">\n\t\t\t\t<div class=\"elementor-widget-container\">\n\t\t\t\t\t\t\t\t\t<p>En Blue Sapphire HR, comprendemos la prioridad de las corporaciones para tener definidos los manuales del empleado, estos delimitan las responsabilidades seg\u00fan el rol de trabajo que se desempe\u00f1e, ayudamos a las empresas a dise\u00f1arlos seg\u00fan sus filosof\u00edas comerciales.<\/p><p>Nuestra experiencia en la industria nos hace comprender cu\u00e1les son sus desaf\u00edos y necesidades, por lo que nos convertimos en el aliado por excelencia para crear sus manuales personalizados con la identidad de su empresa.<\/p><p>Nuestros manuales integran todo el \u00e1mbito de empleado, reglas de la empresa, pol\u00edticas actuales y preguntas frecuentes, cubrimos cada aspecto, cerrando las brechas que existen entre su organizaci\u00f3n y sus empleados.<\/p>\t\t\t\t\t\t\t\t<\/div>\n\t\t\t\t<\/div>\n\t\t\t\t\t<\/div>\n\t\t<\/div>\n\t\t\t\t\t<\/div>\n\t\t<\/section>\n\t\t\t\t<section class=\"elementor-section elementor-top-section elementor-element elementor-element-70d4bb7 elementor-section-full_width ot-traditional elementor-section-height-default elementor-section-height-default\" data-id=\"70d4bb7\" data-element_type=\"section\" data-e-type=\"section\" data-settings=\"{&quot;background_background&quot;:&quot;classic&quot;}\">\n\t\t\t\t\t\t<div class=\"elementor-container elementor-column-gap-no\">\n\t\t\t\t\t<div class=\"elementor-column elementor-col-100 elementor-top-column elementor-element elementor-element-c76b030 ot-flex-column-vertical\" data-id=\"c76b030\" data-element_type=\"column\" data-e-type=\"column\">\n\t\t\t<div class=\"elementor-widget-wrap elementor-element-populated\">\n\t\t\t\t\t\t<section class=\"elementor-section elementor-inner-section elementor-element elementor-element-0b8d093 elementor-section-full_width ot-traditional elementor-section-height-default elementor-section-height-default\" data-id=\"0b8d093\" data-element_type=\"section\" data-e-type=\"section\">\n\t\t\t\t\t\t<div class=\"elementor-container elementor-column-gap-default\">\n\t\t\t\t\t<div class=\"elementor-column elementor-col-50 elementor-inner-column elementor-element elementor-element-9d5f43a ot-flex-column-vertical\" data-id=\"9d5f43a\" data-element_type=\"column\" data-e-type=\"column\">\n\t\t\t<div class=\"elementor-widget-wrap elementor-element-populated\">\n\t\t\t\t\t\t<div class=\"elementor-element elementor-element-b84bfc4 elementor-widget elementor-widget-iheading\" data-id=\"b84bfc4\" data-element_type=\"widget\" data-e-type=\"widget\" data-widget_type=\"iheading.default\">\n\t\t\t\t<div class=\"elementor-widget-container\">\n\t\t\t\t\t\t\t<div class=\"ot-heading\">\r\n\t        \t            <span>Tambi\u00e9n<\/span>\r\n\t        <h2 class=\"main-heading\">Servicios de manuales de empleados<\/h2>\t    <\/div>\r\n\t    \t\t\t\t<\/div>\n\t\t\t\t<\/div>\n\t\t\t\t<div class=\"elementor-element elementor-element-fad47ff elementor-widget elementor-widget-text-editor\" data-id=\"fad47ff\" data-element_type=\"widget\" data-e-type=\"widget\" data-widget_type=\"text-editor.default\">\n\t\t\t\t<div class=\"elementor-widget-container\">\n\t\t\t\t\t\t\t\t\t<p>Con sede en Emiratos \u00c1rabes Unidos, y atendiendo a grupo amplio de clientes de varias nacionalidades, nuestros servicios de manual del empleado est\u00e1n disponibles tanto en ingl\u00e9s como en \u00e1rabe. Entonces, si el porcentaje principal de empleados de su organizaci\u00f3n tiene el \u00e1rabe como idioma principal, podemos redactar el libro en \u00e1rabe.<\/p><p>Cabe destacar que nuestros servicios en manuales garantizan la creaci\u00f3n de una cultura organizacional productiva, definiendo alcances y responsabilidades en cada miembro.<\/p><p><strong>Estamos interesados en conocer sus requerimientos, as\u00ed nuestro equipo de capacitaci\u00f3n le asesorar\u00e1 de la mejor manera.<\/strong><\/p>\t\t\t\t\t\t\t\t<\/div>\n\t\t\t\t<\/div>\n\t\t\t\t\t<\/div>\n\t\t<\/div>\n\t\t\t\t<div class=\"elementor-column elementor-col-50 elementor-inner-column elementor-element elementor-element-d68825d ot-flex-column-vertical\" data-id=\"d68825d\" data-element_type=\"column\" data-e-type=\"column\">\n\t\t\t<div class=\"elementor-widget-wrap elementor-element-populated\">\n\t\t\t\t\t\t<div class=\"elementor-element elementor-element-d9cde76 elementor-widget elementor-widget-image\" data-id=\"d9cde76\" data-element_type=\"widget\" data-e-type=\"widget\" data-widget_type=\"image.default\">\n\t\t\t\t<div class=\"elementor-widget-container\">\n\t\t\t\t\t\t\t\t\t\t\t\t\t\t\t<img decoding=\"async\" src=\"https:\/\/bluesapphire-hr.com\/wp-content\/uploads\/elementor\/thumbs\/port5-plqbjok5l5y5s8asxud33k0dzna2r8f861pcq0apzc.jpg\" title=\"port5\" alt=\"port5\" loading=\"lazy\" \/>\t\t\t\t\t\t\t\t\t\t\t\t\t\t\t<\/div>\n\t\t\t\t<\/div>\n\t\t\t\t\t<\/div>\n\t\t<\/div>\n\t\t\t\t\t<\/div>\n\t\t<\/section>\n\t\t\t\t\t<\/div>\n\t\t<\/div>\n\t\t\t\t\t<\/div>\n\t\t<\/section>\n\t\t\t\t<section class=\"elementor-section elementor-top-section elementor-element elementor-element-cde16f7 ot-traditional elementor-section-boxed elementor-section-height-default elementor-section-height-default\" data-id=\"cde16f7\" data-element_type=\"section\" data-e-type=\"section\">\n\t\t\t\t\t\t<div class=\"elementor-container elementor-column-gap-default\">\n\t\t\t\t\t<div class=\"elementor-column elementor-col-100 elementor-top-column elementor-element elementor-element-8db714d ot-flex-column-vertical\" data-id=\"8db714d\" data-element_type=\"column\" data-e-type=\"column\">\n\t\t\t<div class=\"elementor-widget-wrap elementor-element-populated\">\n\t\t\t\t\t\t<section class=\"elementor-section elementor-inner-section elementor-element elementor-element-fe5f8f2 elementor-section-full_width elementor-section-content-bottom ot-traditional elementor-section-height-default elementor-section-height-default\" data-id=\"fe5f8f2\" data-element_type=\"section\" data-e-type=\"section\" data-settings=\"{&quot;background_background&quot;:&quot;classic&quot;}\">\n\t\t\t\t\t\t\t<div class=\"elementor-background-overlay\"><\/div>\n\t\t\t\t\t\t\t<div class=\"elementor-container elementor-column-gap-extended\">\n\t\t\t\t\t<div class=\"elementor-column elementor-col-50 elementor-inner-column elementor-element elementor-element-f8018a6 ot-flex-column-vertical\" data-id=\"f8018a6\" data-element_type=\"column\" data-e-type=\"column\">\n\t\t\t<div class=\"elementor-widget-wrap elementor-element-populated\">\n\t\t\t\t\t\t<div class=\"elementor-element elementor-element-57692bd elementor-widget elementor-widget-iheading\" data-id=\"57692bd\" data-element_type=\"widget\" data-e-type=\"widget\" data-widget_type=\"iheading.default\">\n\t\t\t\t<div class=\"elementor-widget-container\">\n\t\t\t\t\t\t\t<div class=\"ot-heading\">\r\n\t        \t            <span>Pongase en contacto<\/span>\r\n\t        <h2 class=\"main-heading\">Necesita m\u00e1s informaci\u00f3n?\n<\/h2>\t    <\/div>\r\n\t    \t\t\t\t<\/div>\n\t\t\t\t<\/div>\n\t\t\t\t\t<\/div>\n\t\t<\/div>\n\t\t\t\t<div class=\"elementor-column elementor-col-50 elementor-inner-column elementor-element elementor-element-1a43ae4 ot-flex-column-vertical\" data-id=\"1a43ae4\" data-element_type=\"column\" data-e-type=\"column\">\n\t\t\t<div class=\"elementor-widget-wrap elementor-element-populated\">\n\t\t\t\t\t\t<div class=\"elementor-element elementor-element-c4e14e7 elementor-align-right elementor-mobile-align-left elementor-widget elementor-widget-button\" data-id=\"c4e14e7\" data-element_type=\"widget\" data-e-type=\"widget\" data-widget_type=\"button.default\">\n\t\t\t\t<div class=\"elementor-widget-container\">\n\t\t\t\t\t\t\t\t\t<div class=\"elementor-button-wrapper\">\n\t\t\t\t\t<a class=\"elementor-button elementor-button-link elementor-size-md\" href=\"http:\/\/bluesapphire-hr.com\/es\/contact-us\/\">\n\t\t\t\t\t\t<span class=\"elementor-button-content-wrapper\">\n\t\t\t\t\t\t\t\t\t<span class=\"elementor-button-text\">Cont\u00e1ctenos<\/span>\n\t\t\t\t\t<\/span>\n\t\t\t\t\t<\/a>\n\t\t\t\t<\/div>\n\t\t\t\t\t\t\t\t<\/div>\n\t\t\t\t<\/div>\n\t\t\t\t\t<\/div>\n\t\t<\/div>\n\t\t\t\t\t<\/div>\n\t\t<\/section>\n\t\t\t\t\t<\/div>\n\t\t<\/div>\n\t\t\t\t\t<\/div>\n\t\t<\/section>\n\t\t\t\t<\/div>","protected":false},"excerpt":{"rendered":"<p>Services We understand the priority of corporations to have defined employee handbooks At Blue Sapphire HR, we understand the priority of corporations to have defined employee handbooks, these delimit the responsibilities according to the job role to be performed, and we help companies to design them according to their business philosophies. Our experience in the [&hellip;]<\/p>\n","protected":false},"author":1,"featured_media":0,"parent":5052,"menu_order":0,"comment_status":"closed","ping_status":"closed","template":"","meta":{"footnotes":""},"class_list":["post-5357","page","type-page","status-publish","hentry"],"_links":{"self":[{"href":"https:\/\/bluesapphire-hr.com\/es\/wp-json\/wp\/v2\/pages\/5357","targetHints":{"allow":["GET"]}}],"collection":[{"href":"https:\/\/bluesapphire-hr.com\/es\/wp-json\/wp\/v2\/pages"}],"about":[{"href":"https:\/\/bluesapphire-hr.com\/es\/wp-json\/wp\/v2\/types\/page"}],"author":[{"embeddable":true,"href":"https:\/\/bluesapphire-hr.com\/es\/wp-json\/wp\/v2\/users\/1"}],"replies":[{"embeddable":true,"href":"https:\/\/bluesapphire-hr.com\/es\/wp-json\/wp\/v2\/comments?post=5357"}],"version-history":[{"count":12,"href":"https:\/\/bluesapphire-hr.com\/es\/wp-json\/wp\/v2\/pages\/5357\/revisions"}],"predecessor-version":[{"id":5872,"href":"https:\/\/bluesapphire-hr.com\/es\/wp-json\/wp\/v2\/pages\/5357\/revisions\/5872"}],"up":[{"embeddable":true,"href":"https:\/\/bluesapphire-hr.com\/es\/wp-json\/wp\/v2\/pages\/5052"}],"wp:attachment":[{"href":"https:\/\/bluesapphire-hr.com\/es\/wp-json\/wp\/v2\/media?parent=5357"}],"curies":[{"name":"wp","href":"https:\/\/api.w.org\/{rel}","templated":true}]}}