{"id":5340,"date":"2022-03-13T23:59:02","date_gmt":"2022-03-13T23:59:02","guid":{"rendered":"http:\/\/bluesapphire-hr.com\/?page_id=5340"},"modified":"2022-03-15T06:08:25","modified_gmt":"2022-03-15T06:08:25","slug":"resume-design-and-writing","status":"publish","type":"page","link":"https:\/\/bluesapphire-hr.com\/es\/services\/resume-design-and-writing\/","title":{"rendered":"Dise\u00f1o y redacci\u00f3n de CV"},"content":{"rendered":"<div data-elementor-type=\"wp-page\" data-elementor-id=\"5340\" class=\"elementor elementor-5340\" data-elementor-post-type=\"page\">\n\t\t\t\t\t\t<section class=\"elementor-section elementor-top-section elementor-element elementor-element-1e35f0d elementor-section-content-middle ot-traditional elementor-section-boxed elementor-section-height-default elementor-section-height-default\" data-id=\"1e35f0d\" data-element_type=\"section\" data-e-type=\"section\">\n\t\t\t\t\t\t<div class=\"elementor-container elementor-column-gap-extended\">\n\t\t\t\t\t<div class=\"elementor-column elementor-col-100 elementor-top-column elementor-element elementor-element-00a73be ot-flex-column-vertical\" data-id=\"00a73be\" data-element_type=\"column\" data-e-type=\"column\">\n\t\t\t<div class=\"elementor-widget-wrap elementor-element-populated\">\n\t\t\t\t\t\t<div class=\"elementor-element elementor-element-a0ff64a elementor-widget elementor-widget-iheading\" data-id=\"a0ff64a\" data-element_type=\"widget\" data-e-type=\"widget\" data-widget_type=\"iheading.default\">\n\t\t\t\t<div class=\"elementor-widget-container\">\n\t\t\t\t\t\t\t<div class=\"ot-heading\">\r\n\t        \t            <span>Servicios<\/span>\r\n\t        <h2 class=\"main-heading\">Le haremos destacar entre la competencia independientemente de su sector laboral<\/h2>\t    <\/div>\r\n\t    \t\t\t\t<\/div>\n\t\t\t\t<\/div>\n\t\t\t\t<div class=\"elementor-element elementor-element-e8ec9ba elementor-widget elementor-widget-image\" data-id=\"e8ec9ba\" data-element_type=\"widget\" data-e-type=\"widget\" data-widget_type=\"image.default\">\n\t\t\t\t<div class=\"elementor-widget-container\">\n\t\t\t\t\t\t\t\t\t\t\t\t\t\t\t<img fetchpriority=\"high\" decoding=\"async\" width=\"1024\" height=\"576\" src=\"https:\/\/bluesapphire-hr.com\/wp-content\/uploads\/2022\/03\/408_526112_190919bustingmyths_TopResume_hero-1024x576.jpg\" class=\"attachment-large size-large wp-image-5632\" alt=\"\" srcset=\"https:\/\/bluesapphire-hr.com\/wp-content\/uploads\/2022\/03\/408_526112_190919bustingmyths_TopResume_hero-1024x576.jpg 1024w, https:\/\/bluesapphire-hr.com\/wp-content\/uploads\/2022\/03\/408_526112_190919bustingmyths_TopResume_hero-300x169.jpg 300w, https:\/\/bluesapphire-hr.com\/wp-content\/uploads\/2022\/03\/408_526112_190919bustingmyths_TopResume_hero-768x432.jpg 768w, https:\/\/bluesapphire-hr.com\/wp-content\/uploads\/2022\/03\/408_526112_190919bustingmyths_TopResume_hero-1536x864.jpg 1536w, https:\/\/bluesapphire-hr.com\/wp-content\/uploads\/2022\/03\/408_526112_190919bustingmyths_TopResume_hero-18x10.jpg 18w, https:\/\/bluesapphire-hr.com\/wp-content\/uploads\/2022\/03\/408_526112_190919bustingmyths_TopResume_hero-720x405.jpg 720w, https:\/\/bluesapphire-hr.com\/wp-content\/uploads\/2022\/03\/408_526112_190919bustingmyths_TopResume_hero.jpg 1600w\" sizes=\"(max-width: 1024px) 100vw, 1024px\" \/>\t\t\t\t\t\t\t\t\t\t\t\t\t\t\t<\/div>\n\t\t\t\t<\/div>\n\t\t\t\t<div class=\"elementor-element elementor-element-ada6bcc elementor-widget elementor-widget-text-editor\" data-id=\"ada6bcc\" data-element_type=\"widget\" data-e-type=\"widget\" data-widget_type=\"text-editor.default\">\n\t\t\t\t<div class=\"elementor-widget-container\">\n\t\t\t\t\t\t\t\t\t<p>Nuestros servicios de dise\u00f1o y redacci\u00f3n de curr\u00edculums est\u00e1n enfocados en hacerlo destacar frente a la competencia, independientemente de su sector laboral.<\/p><p>Blue Sapphire HR tiene una amplia experiencia y todo un equipo de redactores, que saben lo que se necesita para que su curr\u00edculo destaque sus habilidades y garantize que obtenga la entrevista que est\u00e1 buscando.<\/p><h4>\u00bfC\u00f3mo lo hacemos en Blue Sapphire HR?<\/h4><p>Nuestra filosof\u00eda de trabajo esta orientada a resultados, es por esto que, nuestro equipo sigue una serie de procesos minuciosos de donde se obtiene un curr\u00edculo \u00fanico y personalizado.<\/p>\t\t\t\t\t\t\t\t<\/div>\n\t\t\t\t<\/div>\n\t\t\t\t\t<\/div>\n\t\t<\/div>\n\t\t\t\t\t<\/div>\n\t\t<\/section>\n\t\t\t\t<section class=\"elementor-section elementor-top-section elementor-element elementor-element-19e924b elementor-section-full_width ot-traditional elementor-section-height-default elementor-section-height-default\" data-id=\"19e924b\" data-element_type=\"section\" data-e-type=\"section\" data-settings=\"{&quot;background_background&quot;:&quot;classic&quot;}\">\n\t\t\t\t\t\t<div class=\"elementor-container elementor-column-gap-no\">\n\t\t\t\t\t<div class=\"elementor-column elementor-col-50 elementor-top-column elementor-element elementor-element-a36395f ot-flex-column-vertical\" data-id=\"a36395f\" data-element_type=\"column\" data-e-type=\"column\">\n\t\t\t<div class=\"elementor-widget-wrap elementor-element-populated\">\n\t\t\t\t\t\t<section class=\"elementor-section elementor-inner-section elementor-element elementor-element-a7558b7 elementor-section-full_width ot-traditional elementor-section-height-default elementor-section-height-default\" data-id=\"a7558b7\" data-element_type=\"section\" data-e-type=\"section\">\n\t\t\t\t\t\t<div class=\"elementor-container elementor-column-gap-default\">\n\t\t\t\t\t<div class=\"elementor-column elementor-col-100 elementor-inner-column elementor-element elementor-element-03c9016 ot-flex-column-vertical\" data-id=\"03c9016\" data-element_type=\"column\" data-e-type=\"column\">\n\t\t\t<div class=\"elementor-widget-wrap elementor-element-populated\">\n\t\t\t\t\t\t<div class=\"elementor-element elementor-element-a6ab27a elementor-widget elementor-widget-iheading\" data-id=\"a6ab27a\" data-element_type=\"widget\" data-e-type=\"widget\" data-widget_type=\"iheading.default\">\n\t\t\t\t<div class=\"elementor-widget-container\">\n\t\t\t\t\t\t\t<div class=\"ot-heading\">\r\n\t        \t            <span>Blue Sapphire<\/span>\r\n\t        <h2 class=\"main-heading\">Pasos que seguimos:\n\n<\/h2>\t    <\/div>\r\n\t    \t\t\t\t<\/div>\n\t\t\t\t<\/div>\n\t\t\t\t<div class=\"elementor-element elementor-element-a128dc5 elementor-widget elementor-widget-text-editor\" data-id=\"a128dc5\" data-element_type=\"widget\" data-e-type=\"widget\" data-widget_type=\"text-editor.default\">\n\t\t\t\t<div class=\"elementor-widget-container\">\n\t\t\t\t\t\t\t\t\t<ul><li>Cuando una persona nos contacta, les solicitamos que nos env\u00ede el CV que usualmente utiliza.<\/li><li>Este CV, ingresa a un proceso de selecci\u00f3n riguroso seg\u00fan el nivel de experiencia.<\/li><li>Blue Sapphire HR, asigna un experto el cual estar\u00e1 en contacto con usted hasta el final.<\/li><li>Preparamos un borrador el cual se env\u00eda al solicitante.<\/li><li>Fase de comentarios.<\/li><li>Entrega final del CV.<\/li><\/ul>\t\t\t\t\t\t\t\t<\/div>\n\t\t\t\t<\/div>\n\t\t\t\t\t<\/div>\n\t\t<\/div>\n\t\t\t\t\t<\/div>\n\t\t<\/section>\n\t\t\t\t\t<\/div>\n\t\t<\/div>\n\t\t\t\t<div class=\"elementor-column elementor-col-50 elementor-top-column elementor-element elementor-element-cbe9849 ot-flex-column-vertical\" data-id=\"cbe9849\" data-element_type=\"column\" data-e-type=\"column\" data-settings=\"{&quot;background_background&quot;:&quot;classic&quot;}\">\n\t\t\t<div class=\"elementor-widget-wrap\">\n\t\t\t\t\t\t\t<\/div>\n\t\t<\/div>\n\t\t\t\t\t<\/div>\n\t\t<\/section>\n\t\t\t\t<section class=\"elementor-section elementor-top-section elementor-element elementor-element-08abf03 elementor-section-content-middle elementor-section-full_width ot-traditional elementor-section-height-default elementor-section-height-default\" data-id=\"08abf03\" data-element_type=\"section\" data-e-type=\"section\">\n\t\t\t\t\t\t<div class=\"elementor-container elementor-column-gap-extended\">\n\t\t\t\t\t<div class=\"elementor-column elementor-col-100 elementor-top-column elementor-element elementor-element-da102e1 ot-flex-column-vertical\" data-id=\"da102e1\" data-element_type=\"column\" data-e-type=\"column\">\n\t\t\t<div class=\"elementor-widget-wrap elementor-element-populated\">\n\t\t\t\t\t\t<section class=\"elementor-section elementor-inner-section elementor-element elementor-element-222cb39 ot-traditional elementor-section-boxed elementor-section-height-default elementor-section-height-default\" data-id=\"222cb39\" data-element_type=\"section\" data-e-type=\"section\">\n\t\t\t\t\t\t<div class=\"elementor-container elementor-column-gap-default\">\n\t\t\t\t\t<div class=\"elementor-column elementor-col-50 elementor-inner-column elementor-element elementor-element-de51880 ot-flex-column-vertical\" data-id=\"de51880\" data-element_type=\"column\" data-e-type=\"column\">\n\t\t\t<div class=\"elementor-widget-wrap elementor-element-populated\">\n\t\t\t\t\t\t<div class=\"elementor-element elementor-element-cc2fa93 elementor-widget elementor-widget-image\" data-id=\"cc2fa93\" data-element_type=\"widget\" data-e-type=\"widget\" data-widget_type=\"image.default\">\n\t\t\t\t<div class=\"elementor-widget-container\">\n\t\t\t\t\t\t\t\t\t\t\t\t\t\t\t<img decoding=\"async\" src=\"https:\/\/bluesapphire-hr.com\/wp-content\/uploads\/elementor\/thumbs\/blog2-plr4dz26uzbxj9h5vu4hob9densphqb8qtuftr4ogc.jpg\" title=\"blog2\" alt=\"blog2\" loading=\"lazy\" \/>\t\t\t\t\t\t\t\t\t\t\t\t\t\t\t<\/div>\n\t\t\t\t<\/div>\n\t\t\t\t\t<\/div>\n\t\t<\/div>\n\t\t\t\t<div class=\"elementor-column elementor-col-50 elementor-inner-column elementor-element elementor-element-af4f734 ot-flex-column-vertical\" data-id=\"af4f734\" data-element_type=\"column\" data-e-type=\"column\">\n\t\t\t<div class=\"elementor-widget-wrap elementor-element-populated\">\n\t\t\t\t\t\t<div class=\"elementor-element elementor-element-7a1b24d elementor-widget elementor-widget-text-editor\" data-id=\"7a1b24d\" data-element_type=\"widget\" data-e-type=\"widget\" data-widget_type=\"text-editor.default\">\n\t\t\t\t<div class=\"elementor-widget-container\">\n\t\t\t\t\t\t\t\t\t<h4>Servicio Personalizado<\/h4><p>Blue Sapphire HR dedica su tiempo al an\u00e1lisis con el fin de construir una base s\u00f3lida de su curr\u00edculo, adem\u00e1s se lo dise\u00f1amos seg\u00fan la empresa o tipo de trabajo al que desea aplicar.<br \/>Con nuestros curr\u00edculums, los reclutadores se ver\u00e1n obligados a detenerse y notar sus incre\u00edbles habilidades y experiencias adquiridas.<\/p><h4>Un curr\u00edculo que cumple las expectativas<\/h4><p>En internet existen muchos sitios que contienen plantillas de CV, y pueda ser que usted haya elegido una, la completa, la env\u00eda, y no recibe llamadas ni le contactan. \u00bfa qu\u00e9 obedece esto?, sencillo, usted tiene toda la informaci\u00f3n, pero esta presentada de forma incorrecta, y es aqu\u00ed donde nuestros profesionales le pueden asesorar.<\/p><h4>\u00bfQu\u00e9 beneficios adquieres con nuestros curr\u00edculos?<\/h4><ul><li>Destacarse de entre la competencia<\/li><li>Dise\u00f1o y contenido ubicado estrat\u00e9gicamente<\/li><li>Resaltado de logros y talentos<\/li><li>Compromiso de redacci\u00f3n<\/li><li>Garant\u00eda a prueba de errores y fallas<\/li><\/ul>\t\t\t\t\t\t\t\t<\/div>\n\t\t\t\t<\/div>\n\t\t\t\t\t<\/div>\n\t\t<\/div>\n\t\t\t\t\t<\/div>\n\t\t<\/section>\n\t\t\t\t\t<\/div>\n\t\t<\/div>\n\t\t\t\t\t<\/div>\n\t\t<\/section>\n\t\t\t\t<section class=\"elementor-section elementor-top-section elementor-element elementor-element-70d4bb7 elementor-section-full_width ot-traditional elementor-section-height-default elementor-section-height-default\" data-id=\"70d4bb7\" data-element_type=\"section\" data-e-type=\"section\" data-settings=\"{&quot;background_background&quot;:&quot;classic&quot;}\">\n\t\t\t\t\t\t<div class=\"elementor-container elementor-column-gap-no\">\n\t\t\t\t\t<div class=\"elementor-column elementor-col-100 elementor-top-column elementor-element elementor-element-c76b030 ot-flex-column-vertical\" data-id=\"c76b030\" data-element_type=\"column\" data-e-type=\"column\">\n\t\t\t<div class=\"elementor-widget-wrap elementor-element-populated\">\n\t\t\t\t\t\t<section class=\"elementor-section elementor-inner-section elementor-element elementor-element-0b8d093 elementor-section-full_width ot-traditional elementor-section-height-default elementor-section-height-default\" data-id=\"0b8d093\" data-element_type=\"section\" data-e-type=\"section\">\n\t\t\t\t\t\t<div class=\"elementor-container elementor-column-gap-default\">\n\t\t\t\t\t<div class=\"elementor-column elementor-col-100 elementor-inner-column elementor-element elementor-element-9d5f43a ot-flex-column-vertical\" data-id=\"9d5f43a\" data-element_type=\"column\" data-e-type=\"column\">\n\t\t\t<div class=\"elementor-widget-wrap elementor-element-populated\">\n\t\t\t\t\t\t<div class=\"elementor-element elementor-element-b84bfc4 elementor-widget elementor-widget-iheading\" data-id=\"b84bfc4\" data-element_type=\"widget\" data-e-type=\"widget\" data-widget_type=\"iheading.default\">\n\t\t\t\t<div class=\"elementor-widget-container\">\n\t\t\t\t\t\t\t<div class=\"ot-heading\">\r\n\t        \t            <span>Tambi\u00e9n<\/span>\r\n\t        <h2 class=\"main-heading\">Alcances con Blue Sapphire HR<\/h2>\t    <\/div>\r\n\t    \t\t\t\t<\/div>\n\t\t\t\t<\/div>\n\t\t\t\t<div class=\"elementor-element elementor-element-fad47ff elementor-widget elementor-widget-text-editor\" data-id=\"fad47ff\" data-element_type=\"widget\" data-e-type=\"widget\" data-widget_type=\"text-editor.default\">\n\t\t\t\t<div class=\"elementor-widget-container\">\n\t\t\t\t\t\t\t\t\t<p>El prop\u00f3sito principal de su CV es venderte como candidato a posibles empleadores. Al solicitar un puesto, siempre se le pedir\u00e1 un CV con una carta de presentaci\u00f3n. Sabemos que los reclutadores reciben muchos documentos para analizar, y teniendo esto en cuenta, es muy importante crear impacto, especialmente si est\u00e1s buscando trabajo en el extranjero.<\/p><p>Nuestros servicios de redacci\u00f3n se adaptan a los mercados internacionales, sabemos que tiene que incluirse y que tiene que omitirse en su curr\u00edculo, nuestros expertos cumplen efectivamente con los est\u00e1ndares internacionales de calidad y formato.<\/p><p>H\u00e1gale saber a nuestro equipo de redacci\u00f3n qu\u00e9 trabajo est\u00e1 buscando y sus requisitos y nuestro equipo de capacitaci\u00f3n se adaptara a sus necesidades y  le asesorar\u00e1 de la mejor manera.<\/p>\t\t\t\t\t\t\t\t<\/div>\n\t\t\t\t<\/div>\n\t\t\t\t\t<\/div>\n\t\t<\/div>\n\t\t\t\t\t<\/div>\n\t\t<\/section>\n\t\t\t\t\t<\/div>\n\t\t<\/div>\n\t\t\t\t\t<\/div>\n\t\t<\/section>\n\t\t\t\t<section class=\"elementor-section elementor-top-section elementor-element elementor-element-cde16f7 ot-traditional elementor-section-boxed elementor-section-height-default elementor-section-height-default\" data-id=\"cde16f7\" data-element_type=\"section\" data-e-type=\"section\">\n\t\t\t\t\t\t<div class=\"elementor-container elementor-column-gap-default\">\n\t\t\t\t\t<div class=\"elementor-column elementor-col-100 elementor-top-column elementor-element elementor-element-8db714d ot-flex-column-vertical\" data-id=\"8db714d\" data-element_type=\"column\" data-e-type=\"column\">\n\t\t\t<div class=\"elementor-widget-wrap elementor-element-populated\">\n\t\t\t\t\t\t<section class=\"elementor-section elementor-inner-section elementor-element elementor-element-fe5f8f2 elementor-section-full_width elementor-section-content-bottom ot-traditional elementor-section-height-default elementor-section-height-default\" data-id=\"fe5f8f2\" data-element_type=\"section\" data-e-type=\"section\" data-settings=\"{&quot;background_background&quot;:&quot;classic&quot;}\">\n\t\t\t\t\t\t\t<div class=\"elementor-background-overlay\"><\/div>\n\t\t\t\t\t\t\t<div class=\"elementor-container elementor-column-gap-extended\">\n\t\t\t\t\t<div class=\"elementor-column elementor-col-50 elementor-inner-column elementor-element elementor-element-f8018a6 ot-flex-column-vertical\" data-id=\"f8018a6\" data-element_type=\"column\" data-e-type=\"column\">\n\t\t\t<div class=\"elementor-widget-wrap elementor-element-populated\">\n\t\t\t\t\t\t<div class=\"elementor-element elementor-element-57692bd elementor-widget elementor-widget-iheading\" data-id=\"57692bd\" data-element_type=\"widget\" data-e-type=\"widget\" data-widget_type=\"iheading.default\">\n\t\t\t\t<div class=\"elementor-widget-container\">\n\t\t\t\t\t\t\t<div class=\"ot-heading\">\r\n\t        \t            <span>Pongase en contacto<\/span>\r\n\t        <h2 class=\"main-heading\">Necesita m\u00e1s informaci\u00f3n?\n<\/h2>\t    <\/div>\r\n\t    \t\t\t\t<\/div>\n\t\t\t\t<\/div>\n\t\t\t\t\t<\/div>\n\t\t<\/div>\n\t\t\t\t<div class=\"elementor-column elementor-col-50 elementor-inner-column elementor-element elementor-element-1a43ae4 ot-flex-column-vertical\" data-id=\"1a43ae4\" data-element_type=\"column\" data-e-type=\"column\">\n\t\t\t<div class=\"elementor-widget-wrap elementor-element-populated\">\n\t\t\t\t\t\t<div class=\"elementor-element elementor-element-c4e14e7 elementor-align-right elementor-mobile-align-left elementor-widget elementor-widget-button\" data-id=\"c4e14e7\" data-element_type=\"widget\" data-e-type=\"widget\" data-widget_type=\"button.default\">\n\t\t\t\t<div class=\"elementor-widget-container\">\n\t\t\t\t\t\t\t\t\t<div class=\"elementor-button-wrapper\">\n\t\t\t\t\t<a class=\"elementor-button elementor-button-link elementor-size-md\" href=\"http:\/\/bluesapphire-hr.com\/es\/contact-us\/\">\n\t\t\t\t\t\t<span class=\"elementor-button-content-wrapper\">\n\t\t\t\t\t\t\t\t\t<span class=\"elementor-button-text\">Cont\u00e1ctenos<\/span>\n\t\t\t\t\t<\/span>\n\t\t\t\t\t<\/a>\n\t\t\t\t<\/div>\n\t\t\t\t\t\t\t\t<\/div>\n\t\t\t\t<\/div>\n\t\t\t\t\t<\/div>\n\t\t<\/div>\n\t\t\t\t\t<\/div>\n\t\t<\/section>\n\t\t\t\t\t<\/div>\n\t\t<\/div>\n\t\t\t\t\t<\/div>\n\t\t<\/section>\n\t\t\t\t<\/div>","protected":false},"excerpt":{"rendered":"<p>Services We will make you stand out from the competition regardless of your job sector Our resume design and writing services are focused on groups of job seekers, whether professional or not, we will make you stand out from the competition regardless of your job sector. At Blue Sapphire HR, we have extensive experience and [&hellip;]<\/p>\n","protected":false},"author":1,"featured_media":0,"parent":5052,"menu_order":0,"comment_status":"closed","ping_status":"closed","template":"","meta":{"footnotes":""},"class_list":["post-5340","page","type-page","status-publish","hentry"],"_links":{"self":[{"href":"https:\/\/bluesapphire-hr.com\/es\/wp-json\/wp\/v2\/pages\/5340","targetHints":{"allow":["GET"]}}],"collection":[{"href":"https:\/\/bluesapphire-hr.com\/es\/wp-json\/wp\/v2\/pages"}],"about":[{"href":"https:\/\/bluesapphire-hr.com\/es\/wp-json\/wp\/v2\/types\/page"}],"author":[{"embeddable":true,"href":"https:\/\/bluesapphire-hr.com\/es\/wp-json\/wp\/v2\/users\/1"}],"replies":[{"embeddable":true,"href":"https:\/\/bluesapphire-hr.com\/es\/wp-json\/wp\/v2\/comments?post=5340"}],"version-history":[{"count":16,"href":"https:\/\/bluesapphire-hr.com\/es\/wp-json\/wp\/v2\/pages\/5340\/revisions"}],"predecessor-version":[{"id":5638,"href":"https:\/\/bluesapphire-hr.com\/es\/wp-json\/wp\/v2\/pages\/5340\/revisions\/5638"}],"up":[{"embeddable":true,"href":"https:\/\/bluesapphire-hr.com\/es\/wp-json\/wp\/v2\/pages\/5052"}],"wp:attachment":[{"href":"https:\/\/bluesapphire-hr.com\/es\/wp-json\/wp\/v2\/media?parent=5340"}],"curies":[{"name":"wp","href":"https:\/\/api.w.org\/{rel}","templated":true}]}}