{"id":5335,"date":"2022-03-13T23:46:16","date_gmt":"2022-03-13T23:46:16","guid":{"rendered":"http:\/\/bluesapphire-hr.com\/?page_id=5335"},"modified":"2022-03-15T05:58:27","modified_gmt":"2022-03-15T05:58:27","slug":"professional-consulting","status":"publish","type":"page","link":"https:\/\/bluesapphire-hr.com\/es\/services\/professional-consulting\/","title":{"rendered":"Asesor\u00eda profesional"},"content":{"rendered":"<div data-elementor-type=\"wp-page\" data-elementor-id=\"5335\" class=\"elementor elementor-5335\" data-elementor-post-type=\"page\">\n\t\t\t\t\t\t<section class=\"elementor-section elementor-top-section elementor-element elementor-element-1e35f0d elementor-section-content-middle ot-traditional elementor-section-boxed elementor-section-height-default elementor-section-height-default\" data-id=\"1e35f0d\" data-element_type=\"section\" data-e-type=\"section\">\n\t\t\t\t\t\t<div class=\"elementor-container elementor-column-gap-extended\">\n\t\t\t\t\t<div class=\"elementor-column elementor-col-100 elementor-top-column elementor-element elementor-element-00a73be ot-flex-column-vertical\" data-id=\"00a73be\" data-element_type=\"column\" data-e-type=\"column\">\n\t\t\t<div class=\"elementor-widget-wrap elementor-element-populated\">\n\t\t\t\t\t\t<div class=\"elementor-element elementor-element-a0ff64a elementor-widget elementor-widget-iheading\" data-id=\"a0ff64a\" data-element_type=\"widget\" data-e-type=\"widget\" data-widget_type=\"iheading.default\">\n\t\t\t\t<div class=\"elementor-widget-container\">\n\t\t\t\t\t\t\t<div class=\"ot-heading\">\r\n\t        \t            <span>Servicios<\/span>\r\n\t        <h2 class=\"main-heading\">Llevamos a sus empleados al siguiente nivel<\/h2>\t    <\/div>\r\n\t    \t\t\t\t<\/div>\n\t\t\t\t<\/div>\n\t\t\t\t<div class=\"elementor-element elementor-element-e8ec9ba elementor-widget elementor-widget-image\" data-id=\"e8ec9ba\" data-element_type=\"widget\" data-e-type=\"widget\" data-widget_type=\"image.default\">\n\t\t\t\t<div class=\"elementor-widget-container\">\n\t\t\t\t\t\t\t\t\t\t\t\t\t\t\t<img fetchpriority=\"high\" decoding=\"async\" width=\"1024\" height=\"533\" src=\"https:\/\/bluesapphire-hr.com\/wp-content\/uploads\/2022\/03\/profesional-consulting-02-1024x533.jpg\" class=\"attachment-large size-large wp-image-5628\" alt=\"\" srcset=\"https:\/\/bluesapphire-hr.com\/wp-content\/uploads\/2022\/03\/profesional-consulting-02-1024x533.jpg 1024w, https:\/\/bluesapphire-hr.com\/wp-content\/uploads\/2022\/03\/profesional-consulting-02-300x156.jpg 300w, https:\/\/bluesapphire-hr.com\/wp-content\/uploads\/2022\/03\/profesional-consulting-02-768x400.jpg 768w, https:\/\/bluesapphire-hr.com\/wp-content\/uploads\/2022\/03\/profesional-consulting-02-1536x800.jpg 1536w, https:\/\/bluesapphire-hr.com\/wp-content\/uploads\/2022\/03\/profesional-consulting-02-18x9.jpg 18w, https:\/\/bluesapphire-hr.com\/wp-content\/uploads\/2022\/03\/profesional-consulting-02-720x375.jpg 720w, https:\/\/bluesapphire-hr.com\/wp-content\/uploads\/2022\/03\/profesional-consulting-02.jpg 1920w\" sizes=\"(max-width: 1024px) 100vw, 1024px\" \/>\t\t\t\t\t\t\t\t\t\t\t\t\t\t\t<\/div>\n\t\t\t\t<\/div>\n\t\t\t\t<div class=\"elementor-element elementor-element-ada6bcc elementor-widget elementor-widget-text-editor\" data-id=\"ada6bcc\" data-element_type=\"widget\" data-e-type=\"widget\" data-widget_type=\"text-editor.default\">\n\t\t\t\t<div class=\"elementor-widget-container\">\n\t\t\t\t\t\t\t\t\t<p>En Blue Sapphire HR conocemos que existen ciclos de vida para los servicios de reclutamiento y selecci\u00f3n del personal, una vez que el ciclo termina, las empresas deben tomar las acciones correctivas para capacitar, actualizar o refrescar los conocimientos de sus empleados.<\/p><p>Nuestros servicios de asesor\u00eda profesional generan ese nuevo impulso que toda compa\u00f1\u00eda requiere para mantener sus objetivos a largo plazo.<\/p><p>Nuestro apoyo se enfoca en identificar, analizar y clasificar sus perfiles de empleados, habilidades, aspiraciones, debilidades y fortalezas, brindando un an\u00e1lisis integral para una toma de decisiones acertada.<\/p><p>Llevamos a sus empleados al siguiente nivel, ayud\u00e1ndolos a superar obst\u00e1culos a nivel profesional para que puedan alcanzar los objetivos corporativos.<\/p>\t\t\t\t\t\t\t\t<\/div>\n\t\t\t\t<\/div>\n\t\t\t\t\t<\/div>\n\t\t<\/div>\n\t\t\t\t\t<\/div>\n\t\t<\/section>\n\t\t\t\t<section class=\"elementor-section elementor-top-section elementor-element elementor-element-70d4bb7 elementor-section-full_width ot-traditional elementor-section-height-default elementor-section-height-default\" data-id=\"70d4bb7\" data-element_type=\"section\" data-e-type=\"section\" data-settings=\"{&quot;background_background&quot;:&quot;classic&quot;}\">\n\t\t\t\t\t\t<div class=\"elementor-container elementor-column-gap-no\">\n\t\t\t\t\t<div class=\"elementor-column elementor-col-100 elementor-top-column elementor-element elementor-element-c76b030 ot-flex-column-vertical\" data-id=\"c76b030\" data-element_type=\"column\" data-e-type=\"column\">\n\t\t\t<div class=\"elementor-widget-wrap elementor-element-populated\">\n\t\t\t\t\t\t<section class=\"elementor-section elementor-inner-section elementor-element elementor-element-0b8d093 elementor-section-full_width ot-traditional elementor-section-height-default elementor-section-height-default\" data-id=\"0b8d093\" data-element_type=\"section\" data-e-type=\"section\">\n\t\t\t\t\t\t<div class=\"elementor-container elementor-column-gap-default\">\n\t\t\t\t\t<div class=\"elementor-column elementor-col-50 elementor-inner-column elementor-element elementor-element-9d5f43a ot-flex-column-vertical\" data-id=\"9d5f43a\" data-element_type=\"column\" data-e-type=\"column\">\n\t\t\t<div class=\"elementor-widget-wrap elementor-element-populated\">\n\t\t\t\t\t\t<div class=\"elementor-element elementor-element-b84bfc4 elementor-widget elementor-widget-iheading\" data-id=\"b84bfc4\" data-element_type=\"widget\" data-e-type=\"widget\" data-widget_type=\"iheading.default\">\n\t\t\t\t<div class=\"elementor-widget-container\">\n\t\t\t\t\t\t\t<div class=\"ot-heading\">\r\n\t        \t            <span>Tambi\u00e9n<\/span>\r\n\t        <h2 class=\"main-heading\">Habilidades y t\u00e9cnicas <\/h2>\t    <\/div>\r\n\t    \t\t\t\t<\/div>\n\t\t\t\t<\/div>\n\t\t\t\t<div class=\"elementor-element elementor-element-fad47ff elementor-widget elementor-widget-text-editor\" data-id=\"fad47ff\" data-element_type=\"widget\" data-e-type=\"widget\" data-widget_type=\"text-editor.default\">\n\t\t\t\t<div class=\"elementor-widget-container\">\n\t\t\t\t\t\t\t\t\t<p>Nuestro equipo de profesionales est\u00e1 capacitado en darte el asesoramiento necesario para que sus empleados desarrollen las habilidades y t\u00e9cnicas que necesitan en sus puestos de trabajo.<\/p><p>Nuestro alcance va m\u00e1s all\u00e1 de eso. El lugar de trabajo cambia y evoluciona continuamente para adaptarse a la demanda, las necesidades de los consumidores, las ventas y el crecimiento. Las habilidades necesarias para el futuro ser\u00e1n significativamente diferentes de las que se utilizan en la fuerza laboral actual.<\/p><p>En un mundo globalizado con la utilizaci\u00f3n de las tecnolog\u00edas como medio de informaci\u00f3n principal, los profesionales deben poseer las mejores habilidades y toma de decisiones para destacar en su compa\u00f1\u00eda, y en Blue Sapphire HR hacemos que sus empleados se conviertan en expertos.<\/p><p>Estamos interesados en conocer sus requerimientos, as\u00ed nuestro equipo de capacitaci\u00f3n le asesorar\u00e1 de la mejor manera.<\/p>\t\t\t\t\t\t\t\t<\/div>\n\t\t\t\t<\/div>\n\t\t\t\t\t<\/div>\n\t\t<\/div>\n\t\t\t\t<div class=\"elementor-column elementor-col-50 elementor-inner-column elementor-element elementor-element-d68825d ot-flex-column-vertical\" data-id=\"d68825d\" data-element_type=\"column\" data-e-type=\"column\">\n\t\t\t<div class=\"elementor-widget-wrap elementor-element-populated\">\n\t\t\t\t\t\t<div class=\"elementor-element elementor-element-d9cde76 elementor-widget elementor-widget-image\" data-id=\"d9cde76\" data-element_type=\"widget\" data-e-type=\"widget\" data-widget_type=\"image.default\">\n\t\t\t\t<div class=\"elementor-widget-container\">\n\t\t\t\t\t\t\t\t\t\t\t\t\t\t\t<img decoding=\"async\" src=\"https:\/\/bluesapphire-hr.com\/wp-content\/uploads\/elementor\/thumbs\/169522289_732263514112000_5680772900983012647_n-plqbxiqm7cw4pk764tpct2aotv2m2tcyqjgp2ns2dk.jpg\" title=\"169522289_732263514112000_5680772900983012647_n\" alt=\"169522289_732263514112000_5680772900983012647_n\" loading=\"lazy\" \/>\t\t\t\t\t\t\t\t\t\t\t\t\t\t\t<\/div>\n\t\t\t\t<\/div>\n\t\t\t\t\t<\/div>\n\t\t<\/div>\n\t\t\t\t\t<\/div>\n\t\t<\/section>\n\t\t\t\t\t<\/div>\n\t\t<\/div>\n\t\t\t\t\t<\/div>\n\t\t<\/section>\n\t\t\t\t<section class=\"elementor-section elementor-top-section elementor-element elementor-element-cde16f7 ot-traditional elementor-section-boxed elementor-section-height-default elementor-section-height-default\" data-id=\"cde16f7\" data-element_type=\"section\" data-e-type=\"section\">\n\t\t\t\t\t\t<div class=\"elementor-container elementor-column-gap-default\">\n\t\t\t\t\t<div class=\"elementor-column elementor-col-100 elementor-top-column elementor-element elementor-element-8db714d ot-flex-column-vertical\" data-id=\"8db714d\" data-element_type=\"column\" data-e-type=\"column\">\n\t\t\t<div class=\"elementor-widget-wrap elementor-element-populated\">\n\t\t\t\t\t\t<section class=\"elementor-section elementor-inner-section elementor-element elementor-element-fe5f8f2 elementor-section-full_width elementor-section-content-bottom ot-traditional elementor-section-height-default elementor-section-height-default\" data-id=\"fe5f8f2\" data-element_type=\"section\" data-e-type=\"section\" data-settings=\"{&quot;background_background&quot;:&quot;classic&quot;}\">\n\t\t\t\t\t\t\t<div class=\"elementor-background-overlay\"><\/div>\n\t\t\t\t\t\t\t<div class=\"elementor-container elementor-column-gap-extended\">\n\t\t\t\t\t<div class=\"elementor-column elementor-col-50 elementor-inner-column elementor-element elementor-element-f8018a6 ot-flex-column-vertical\" data-id=\"f8018a6\" data-element_type=\"column\" data-e-type=\"column\">\n\t\t\t<div class=\"elementor-widget-wrap elementor-element-populated\">\n\t\t\t\t\t\t<div class=\"elementor-element elementor-element-57692bd elementor-widget elementor-widget-iheading\" data-id=\"57692bd\" data-element_type=\"widget\" data-e-type=\"widget\" data-widget_type=\"iheading.default\">\n\t\t\t\t<div class=\"elementor-widget-container\">\n\t\t\t\t\t\t\t<div class=\"ot-heading\">\r\n\t        \t            <span>Pongase en contacto<\/span>\r\n\t        <h2 class=\"main-heading\">Necesita m\u00e1s informaci\u00f3n?\n<\/h2>\t    <\/div>\r\n\t    \t\t\t\t<\/div>\n\t\t\t\t<\/div>\n\t\t\t\t\t<\/div>\n\t\t<\/div>\n\t\t\t\t<div class=\"elementor-column elementor-col-50 elementor-inner-column elementor-element elementor-element-1a43ae4 ot-flex-column-vertical\" data-id=\"1a43ae4\" data-element_type=\"column\" data-e-type=\"column\">\n\t\t\t<div class=\"elementor-widget-wrap elementor-element-populated\">\n\t\t\t\t\t\t<div class=\"elementor-element elementor-element-c4e14e7 elementor-align-right elementor-mobile-align-left elementor-widget elementor-widget-button\" data-id=\"c4e14e7\" data-element_type=\"widget\" data-e-type=\"widget\" data-widget_type=\"button.default\">\n\t\t\t\t<div class=\"elementor-widget-container\">\n\t\t\t\t\t\t\t\t\t<div class=\"elementor-button-wrapper\">\n\t\t\t\t\t<a class=\"elementor-button elementor-button-link elementor-size-md\" href=\"http:\/\/bluesapphire-hr.com\/es\/contact-us\/\">\n\t\t\t\t\t\t<span class=\"elementor-button-content-wrapper\">\n\t\t\t\t\t\t\t\t\t<span class=\"elementor-button-text\">Cont\u00e1ctenos<\/span>\n\t\t\t\t\t<\/span>\n\t\t\t\t\t<\/a>\n\t\t\t\t<\/div>\n\t\t\t\t\t\t\t\t<\/div>\n\t\t\t\t<\/div>\n\t\t\t\t\t<\/div>\n\t\t<\/div>\n\t\t\t\t\t<\/div>\n\t\t<\/section>\n\t\t\t\t\t<\/div>\n\t\t<\/div>\n\t\t\t\t\t<\/div>\n\t\t<\/section>\n\t\t\t\t<\/div>","protected":false},"excerpt":{"rendered":"<p>Services We take your employees to the next level At Blue Sapphire HR we know that there are life cycles for recruitment and selection services, once the cycle ends, companies must take corrective actions to train, update or refresh the knowledge of their employees. Our professional consulting services generate that new impetus that every company [&hellip;]<\/p>\n","protected":false},"author":1,"featured_media":0,"parent":5052,"menu_order":0,"comment_status":"closed","ping_status":"closed","template":"","meta":{"footnotes":""},"class_list":["post-5335","page","type-page","status-publish","hentry"],"_links":{"self":[{"href":"https:\/\/bluesapphire-hr.com\/es\/wp-json\/wp\/v2\/pages\/5335","targetHints":{"allow":["GET"]}}],"collection":[{"href":"https:\/\/bluesapphire-hr.com\/es\/wp-json\/wp\/v2\/pages"}],"about":[{"href":"https:\/\/bluesapphire-hr.com\/es\/wp-json\/wp\/v2\/types\/page"}],"author":[{"embeddable":true,"href":"https:\/\/bluesapphire-hr.com\/es\/wp-json\/wp\/v2\/users\/1"}],"replies":[{"embeddable":true,"href":"https:\/\/bluesapphire-hr.com\/es\/wp-json\/wp\/v2\/comments?post=5335"}],"version-history":[{"count":7,"href":"https:\/\/bluesapphire-hr.com\/es\/wp-json\/wp\/v2\/pages\/5335\/revisions"}],"predecessor-version":[{"id":5631,"href":"https:\/\/bluesapphire-hr.com\/es\/wp-json\/wp\/v2\/pages\/5335\/revisions\/5631"}],"up":[{"embeddable":true,"href":"https:\/\/bluesapphire-hr.com\/es\/wp-json\/wp\/v2\/pages\/5052"}],"wp:attachment":[{"href":"https:\/\/bluesapphire-hr.com\/es\/wp-json\/wp\/v2\/media?parent=5335"}],"curies":[{"name":"wp","href":"https:\/\/api.w.org\/{rel}","templated":true}]}}