{"id":5055,"date":"2022-03-13T06:46:27","date_gmt":"2022-03-13T06:46:27","guid":{"rendered":"http:\/\/bluesapphire-hr.com\/?page_id=5055"},"modified":"2023-10-02T14:00:55","modified_gmt":"2023-10-02T14:00:55","slug":"training-and-development","status":"publish","type":"page","link":"https:\/\/bluesapphire-hr.com\/es\/services\/training-and-development\/","title":{"rendered":"Formaci\u00f3n y desarrollo"},"content":{"rendered":"<div data-elementor-type=\"wp-page\" data-elementor-id=\"5055\" class=\"elementor elementor-5055\" data-elementor-post-type=\"page\">\n\t\t\t\t\t\t<section class=\"elementor-section elementor-top-section elementor-element elementor-element-1e35f0d elementor-section-content-middle ot-traditional elementor-section-boxed elementor-section-height-default elementor-section-height-default\" data-id=\"1e35f0d\" data-element_type=\"section\" data-e-type=\"section\">\n\t\t\t\t\t\t<div class=\"elementor-container elementor-column-gap-extended\">\n\t\t\t\t\t<div class=\"elementor-column elementor-col-100 elementor-top-column elementor-element elementor-element-00a73be ot-flex-column-vertical\" data-id=\"00a73be\" data-element_type=\"column\" data-e-type=\"column\">\n\t\t\t<div class=\"elementor-widget-wrap elementor-element-populated\">\n\t\t\t\t\t\t<div class=\"elementor-element elementor-element-a0ff64a elementor-widget elementor-widget-iheading\" data-id=\"a0ff64a\" data-element_type=\"widget\" data-e-type=\"widget\" data-widget_type=\"iheading.default\">\n\t\t\t\t<div class=\"elementor-widget-container\">\n\t\t\t\t\t\t\t<div class=\"ot-heading\">\r\n\t        \t            <span>Servicios<\/span>\r\n\t        <h2 class=\"main-heading\">Nos especializados en la formaci\u00f3n de organizaciones, grupos y profesionales.<\/h2>\t    <\/div>\r\n\t    \t\t\t\t<\/div>\n\t\t\t\t<\/div>\n\t\t\t\t<div class=\"elementor-element elementor-element-e8ec9ba elementor-widget elementor-widget-image\" data-id=\"e8ec9ba\" data-element_type=\"widget\" data-e-type=\"widget\" data-widget_type=\"image.default\">\n\t\t\t\t<div class=\"elementor-widget-container\">\n\t\t\t\t\t\t\t\t\t\t\t\t\t\t\t<img fetchpriority=\"high\" decoding=\"async\" width=\"1024\" height=\"538\" src=\"https:\/\/bluesapphire-hr.com\/wp-content\/uploads\/2021\/02\/banner-slide-1-1024x538.jpeg\" class=\"attachment-large size-large wp-image-243\" alt=\"\" srcset=\"https:\/\/bluesapphire-hr.com\/wp-content\/uploads\/2021\/02\/banner-slide-1-1024x538.jpeg 1024w, https:\/\/bluesapphire-hr.com\/wp-content\/uploads\/2021\/02\/banner-slide-1-300x158.jpeg 300w, https:\/\/bluesapphire-hr.com\/wp-content\/uploads\/2021\/02\/banner-slide-1-768x403.jpeg 768w, https:\/\/bluesapphire-hr.com\/wp-content\/uploads\/2021\/02\/banner-slide-1-1536x807.jpeg 1536w, https:\/\/bluesapphire-hr.com\/wp-content\/uploads\/2021\/02\/banner-slide-1-18x9.jpeg 18w, https:\/\/bluesapphire-hr.com\/wp-content\/uploads\/2021\/02\/banner-slide-1-720x378.jpeg 720w, https:\/\/bluesapphire-hr.com\/wp-content\/uploads\/2021\/02\/banner-slide-1.jpeg 1620w\" sizes=\"(max-width: 1024px) 100vw, 1024px\" \/>\t\t\t\t\t\t\t\t\t\t\t\t\t\t\t<\/div>\n\t\t\t\t<\/div>\n\t\t\t\t<div class=\"elementor-element elementor-element-ada6bcc elementor-widget elementor-widget-text-editor\" data-id=\"ada6bcc\" data-element_type=\"widget\" data-e-type=\"widget\" data-widget_type=\"text-editor.default\">\n\t\t\t\t<div class=\"elementor-widget-container\">\n\t\t\t\t\t\t\t\t\t<p>Blue Sapphire HR comprende la importancia de coordinar capacitaciones peri\u00f3dicas, por lo que hemos incorporado programas de desarrollo y capacitaci\u00f3n en Emiratos \u00c1rabes Unidos<\/p><h4><strong>Desarrollando las habilidades de su equipo de trabajo<\/strong><\/h4><p>Las organizaciones tienen que estar al tanto de que su personal es lo mas importante para expandir su negocio, por lo que deben invertir en capacitarlos y desarrollar sus habilidades. Cada organizaci\u00f3n necesita realizar sesiones de capacitaci\u00f3n y desarrollo de sus empleados por muchas razones:<\/p><p>Un programa de actualizaci\u00f3n y desarrollo de habilidades permite a su empresa retener al talento humano<\/p><p>Cuando todo el personal de su organizaci\u00f3n actualiza sus habilidades, mejora su planificaci\u00f3n empresarial, el dise\u00f1o de procesos y el ciclo de ejecuci\u00f3n.<\/p><p>El personal capacitado aumenta la productividad central de su organizaci\u00f3n, acerc\u00e1ndose m\u00e1s a las metas comerciales<\/p><p>La capacitaci\u00f3n continua permite a los empleados comprender sus roles laborales, lo que a su vez les permite trabajar con responsabilidades definidas.<\/p><p>Cada empleado tiene necesidades de crecimiento, motivaci\u00f3n y autoestima que se complementan de manera integral.<\/p>\t\t\t\t\t\t\t\t<\/div>\n\t\t\t\t<\/div>\n\t\t\t\t\t<\/div>\n\t\t<\/div>\n\t\t\t\t\t<\/div>\n\t\t<\/section>\n\t\t\t\t<section class=\"elementor-section elementor-top-section elementor-element elementor-element-31bfa38 elementor-section-full_width ot-traditional elementor-section-height-default elementor-section-height-default\" data-id=\"31bfa38\" data-element_type=\"section\" data-e-type=\"section\" data-settings=\"{&quot;background_background&quot;:&quot;classic&quot;}\">\n\t\t\t\t\t\t<div class=\"elementor-container elementor-column-gap-no\">\n\t\t\t\t\t<div class=\"elementor-column elementor-col-50 elementor-top-column elementor-element elementor-element-9ce9656 ot-flex-column-vertical\" data-id=\"9ce9656\" data-element_type=\"column\" data-e-type=\"column\">\n\t\t\t<div class=\"elementor-widget-wrap elementor-element-populated\">\n\t\t\t\t\t\t<section class=\"elementor-section elementor-inner-section elementor-element elementor-element-a1740f2 elementor-section-full_width ot-traditional elementor-section-height-default elementor-section-height-default\" data-id=\"a1740f2\" data-element_type=\"section\" data-e-type=\"section\">\n\t\t\t\t\t\t<div class=\"elementor-container elementor-column-gap-default\">\n\t\t\t\t\t<div class=\"elementor-column elementor-col-100 elementor-inner-column elementor-element elementor-element-9037d76 ot-flex-column-vertical\" data-id=\"9037d76\" data-element_type=\"column\" data-e-type=\"column\">\n\t\t\t<div class=\"elementor-widget-wrap elementor-element-populated\">\n\t\t\t\t\t\t<div class=\"elementor-element elementor-element-7d1a2bd elementor-widget elementor-widget-iheading\" data-id=\"7d1a2bd\" data-element_type=\"widget\" data-e-type=\"widget\" data-widget_type=\"iheading.default\">\n\t\t\t\t<div class=\"elementor-widget-container\">\n\t\t\t\t\t\t\t<div class=\"ot-heading\">\r\n\t        \t            <span>Blue Sapphire<\/span>\r\n\t        <h2 class=\"main-heading\">Nuestros servicios asociados<\/h2>\t    <\/div>\r\n\t    \t\t\t\t<\/div>\n\t\t\t\t<\/div>\n\t\t\t\t<div class=\"elementor-element elementor-element-4631689 elementor-widget elementor-widget-iaccordions\" data-id=\"4631689\" data-element_type=\"widget\" data-e-type=\"widget\" data-widget_type=\"iaccordions.default\">\n\t\t\t\t<div class=\"elementor-widget-container\">\n\t\t\t\t\t\r\n\t\t<div class=\"ot-accordions\">\r\n\t\t\t\t\t\t<div class=\"acc-item\">\r\n\t\t\t\t<span class=\"acc-toggle\">Capacitaciones <i class=\"down flaticon-download-arrow\"><\/i><i class=\"up flaticon-up-arrow\"><\/i><\/span>\r\n\t\t\t\t<div class=\"acc-content\">\r\n\t\t\t\t\t<p>El programa de capacitaci\u00f3n en segmento de clientes puede ayudar a su empresa a optimizar un perfil de cliente ideal, en quien su empresa pone atenci\u00f3n. En otras palabras, lo ayudar\u00e1 a dirigirse a los clientes correctos que generaran los ingresos.<\/p>\t\t\t\t<\/div>\r\n\t\t\t<\/div>\r\n\t\t\t\t\t\t<div class=\"acc-item\">\r\n\t\t\t\t<span class=\"acc-toggle\">Trabajo en equipo <i class=\"down flaticon-download-arrow\"><\/i><i class=\"up flaticon-up-arrow\"><\/i><\/span>\r\n\t\t\t\t<div class=\"acc-content\">\r\n\t\t\t\t\t<p>Puede aprovechar al m\u00e1ximo los programas de trabajo en equipo que fortalecer\u00e1n las relaciones interpersonales de sus empleados.<\/p>\t\t\t\t<\/div>\r\n\t\t\t<\/div>\r\n\t\t\t\t\t\t<div class=\"acc-item\">\r\n\t\t\t\t<span class=\"acc-toggle\">Programa de capacitaci\u00f3n <i class=\"down flaticon-download-arrow\"><\/i><i class=\"up flaticon-up-arrow\"><\/i><\/span>\r\n\t\t\t\t<div class=\"acc-content\">\r\n\t\t\t\t\t<p>Los programas de capacitaci\u00f3n desarrollan las habilidades de liderazgo en individuos o grupos de empleados. Con nuestras herramientas y t\u00e9cnicas personalizadas, nuestros objetivos van enfocados a l\u00edderes en todos los niveles.<\/p>\t\t\t\t<\/div>\r\n\t\t\t<\/div>\r\n\t\t\t\t\t\t<div class=\"acc-item\">\r\n\t\t\t\t<span class=\"acc-toggle\">Capacitaciones a la medida de las compa\u00f1\u00edas. <i class=\"down flaticon-download-arrow\"><\/i><i class=\"up flaticon-up-arrow\"><\/i><\/span>\r\n\t\t\t\t<div class=\"acc-content\">\r\n\t\t\t\t\t<p>En Blue Sapphire HR conocemos que cada organizaci\u00f3n es diferente, y tenemos la flexibilidad de acondicionar nuestros m\u00f3dulos de capacitaci\u00f3n seg\u00fan cada necesidad.<\/p>\t\t\t\t<\/div>\r\n\t\t\t<\/div>\r\n\t\t\t\t    <\/div>\r\n\r\n\t    \t\t\t\t<\/div>\n\t\t\t\t<\/div>\n\t\t\t\t\t<\/div>\n\t\t<\/div>\n\t\t\t\t\t<\/div>\n\t\t<\/section>\n\t\t\t\t\t<\/div>\n\t\t<\/div>\n\t\t\t\t<div class=\"elementor-column elementor-col-50 elementor-top-column elementor-element elementor-element-df4d777 ot-flex-column-vertical\" data-id=\"df4d777\" data-element_type=\"column\" data-e-type=\"column\" data-settings=\"{&quot;background_background&quot;:&quot;classic&quot;}\">\n\t\t\t<div class=\"elementor-widget-wrap elementor-element-populated\">\n\t\t\t\t\t\t<div class=\"elementor-element elementor-element-b5d5bd0 elementor-widget elementor-widget-image\" data-id=\"b5d5bd0\" data-element_type=\"widget\" data-e-type=\"widget\" data-widget_type=\"image.default\">\n\t\t\t\t<div class=\"elementor-widget-container\">\n\t\t\t\t\t\t\t\t\t\t\t\t\t\t\t<img decoding=\"async\" width=\"1440\" height=\"1440\" src=\"https:\/\/bluesapphire-hr.com\/wp-content\/uploads\/2022\/01\/169258594_268687401585077_390691875878200008_n.jpg\" class=\"attachment-full size-full wp-image-510\" alt=\"\" srcset=\"https:\/\/bluesapphire-hr.com\/wp-content\/uploads\/2022\/01\/169258594_268687401585077_390691875878200008_n.jpg 1440w, https:\/\/bluesapphire-hr.com\/wp-content\/uploads\/2022\/01\/169258594_268687401585077_390691875878200008_n-300x300.jpg 300w, https:\/\/bluesapphire-hr.com\/wp-content\/uploads\/2022\/01\/169258594_268687401585077_390691875878200008_n-1024x1024.jpg 1024w, https:\/\/bluesapphire-hr.com\/wp-content\/uploads\/2022\/01\/169258594_268687401585077_390691875878200008_n-150x150.jpg 150w, https:\/\/bluesapphire-hr.com\/wp-content\/uploads\/2022\/01\/169258594_268687401585077_390691875878200008_n-768x768.jpg 768w, https:\/\/bluesapphire-hr.com\/wp-content\/uploads\/2022\/01\/169258594_268687401585077_390691875878200008_n-12x12.jpg 12w, https:\/\/bluesapphire-hr.com\/wp-content\/uploads\/2022\/01\/169258594_268687401585077_390691875878200008_n-720x720.jpg 720w\" sizes=\"(max-width: 1440px) 100vw, 1440px\" \/>\t\t\t\t\t\t\t\t\t\t\t\t\t\t\t<\/div>\n\t\t\t\t<\/div>\n\t\t\t\t\t<\/div>\n\t\t<\/div>\n\t\t\t\t\t<\/div>\n\t\t<\/section>\n\t\t\t\t<section class=\"elementor-section elementor-top-section elementor-element elementor-element-08abf03 elementor-section-content-middle elementor-section-full_width ot-traditional elementor-section-height-default elementor-section-height-default\" data-id=\"08abf03\" data-element_type=\"section\" data-e-type=\"section\">\n\t\t\t\t\t\t<div class=\"elementor-container elementor-column-gap-extended\">\n\t\t\t\t\t<div class=\"elementor-column elementor-col-100 elementor-top-column elementor-element elementor-element-da102e1 ot-flex-column-vertical\" data-id=\"da102e1\" data-element_type=\"column\" data-e-type=\"column\">\n\t\t\t<div class=\"elementor-widget-wrap elementor-element-populated\">\n\t\t\t\t\t\t<section class=\"elementor-section elementor-inner-section elementor-element elementor-element-ce6a415 ot-traditional elementor-section-boxed elementor-section-height-default elementor-section-height-default\" data-id=\"ce6a415\" data-element_type=\"section\" data-e-type=\"section\">\n\t\t\t\t\t\t<div class=\"elementor-container elementor-column-gap-default\">\n\t\t\t\t\t<div class=\"elementor-column elementor-col-50 elementor-inner-column elementor-element elementor-element-b1ac107 ot-flex-column-vertical\" data-id=\"b1ac107\" data-element_type=\"column\" data-e-type=\"column\">\n\t\t\t<div class=\"elementor-widget-wrap elementor-element-populated\">\n\t\t\t\t\t\t<div class=\"elementor-element elementor-element-cc2fa93 elementor-widget elementor-widget-image\" data-id=\"cc2fa93\" data-element_type=\"widget\" data-e-type=\"widget\" data-widget_type=\"image.default\">\n\t\t\t\t<div class=\"elementor-widget-container\">\n\t\t\t\t\t\t\t\t\t\t\t\t\t\t\t<img decoding=\"async\" src=\"https:\/\/bluesapphire-hr.com\/wp-content\/uploads\/elementor\/thumbs\/slider-bg-3-plqbwsf4vzxoyxtejimor59t9uc3nrzskol1b750jc.jpg\" title=\"slider-bg-3\" alt=\"slider-bg-3\" loading=\"lazy\" \/>\t\t\t\t\t\t\t\t\t\t\t\t\t\t\t<\/div>\n\t\t\t\t<\/div>\n\t\t\t\t\t<\/div>\n\t\t<\/div>\n\t\t\t\t<div class=\"elementor-column elementor-col-50 elementor-inner-column elementor-element elementor-element-9375887 ot-flex-column-vertical\" data-id=\"9375887\" data-element_type=\"column\" data-e-type=\"column\">\n\t\t\t<div class=\"elementor-widget-wrap elementor-element-populated\">\n\t\t\t\t\t\t<div class=\"elementor-element elementor-element-3de17a9 elementor-widget elementor-widget-text-editor\" data-id=\"3de17a9\" data-element_type=\"widget\" data-e-type=\"widget\" data-widget_type=\"text-editor.default\">\n\t\t\t\t<div class=\"elementor-widget-container\">\n\t\t\t\t\t\t\t\t\t<h4>Capacitaci\u00f3n en servicio al cliente<\/h4><p>Nuestro curso de servicio al cliente promueve una serie de herramientas para que su personal pueda atender a sus clientes de una manera responsable, generando resultados inmediatos como las relaciones y retenci\u00f3n de largo plazo.<\/p><h4><strong>Capacitaci\u00f3n para vendedores<\/strong><\/h4><p>Un equipo de trabajo con mayor fuerza de ventas se traduce en mas ganancias para su compa\u00f1\u00eda, sin embargo, para que este empiece a ocurrir es necesario un programa integral donde se desarrollen habilidades de an\u00e1lisis y administraci\u00f3n.<\/p><h4><strong>Mejoramiento en la contrataci\u00f3n de personal<\/strong><\/h4><p>Blue Sapphire HR le capacita a su personal para que las contrataciones sean exitosas; hemos desarrollado los conceptos requeridos para que los departamentos de recursos humanos dedicados a la contrataci\u00f3n preparen las entrevistas correctas, cerrando las brechas entre lo que ocupa la empresa y lo que contrat\u00f3.<\/p><h4><strong>Capacitaci\u00f3n del personal en el manejo de las emociones.<\/strong><\/h4><p>Es inevitable que sus empleados experimenten emociones como estr\u00e9s, angustia o fatiga en sus jornadas laborales, esto se traduce en perdidas significativas para las compa\u00f1\u00edas, es por estas razones que, nuestros programas y herramientas de capacitaci\u00f3n para el manejo de las emociones bien estructurados mejoran los procesos y tomas de decisiones de sus empleados<\/p>\t\t\t\t\t\t\t\t<\/div>\n\t\t\t\t<\/div>\n\t\t\t\t\t<\/div>\n\t\t<\/div>\n\t\t\t\t\t<\/div>\n\t\t<\/section>\n\t\t\t\t\t<\/div>\n\t\t<\/div>\n\t\t\t\t\t<\/div>\n\t\t<\/section>\n\t\t\t\t<section class=\"elementor-section elementor-top-section elementor-element elementor-element-70d4bb7 elementor-section-full_width ot-traditional elementor-section-height-default elementor-section-height-default\" data-id=\"70d4bb7\" data-element_type=\"section\" data-e-type=\"section\" data-settings=\"{&quot;background_background&quot;:&quot;classic&quot;}\">\n\t\t\t\t\t\t<div class=\"elementor-container elementor-column-gap-no\">\n\t\t\t\t\t<div class=\"elementor-column elementor-col-100 elementor-top-column elementor-element elementor-element-c76b030 ot-flex-column-vertical\" data-id=\"c76b030\" data-element_type=\"column\" data-e-type=\"column\">\n\t\t\t<div class=\"elementor-widget-wrap elementor-element-populated\">\n\t\t\t\t\t\t<section class=\"elementor-section elementor-inner-section elementor-element elementor-element-0b8d093 elementor-section-full_width ot-traditional elementor-section-height-default elementor-section-height-default\" data-id=\"0b8d093\" data-element_type=\"section\" data-e-type=\"section\">\n\t\t\t\t\t\t<div class=\"elementor-container elementor-column-gap-default\">\n\t\t\t\t\t<div class=\"elementor-column elementor-col-100 elementor-inner-column elementor-element elementor-element-9d5f43a ot-flex-column-vertical\" data-id=\"9d5f43a\" data-element_type=\"column\" data-e-type=\"column\">\n\t\t\t<div class=\"elementor-widget-wrap elementor-element-populated\">\n\t\t\t\t\t\t<div class=\"elementor-element elementor-element-b84bfc4 elementor-widget elementor-widget-iheading\" data-id=\"b84bfc4\" data-element_type=\"widget\" data-e-type=\"widget\" data-widget_type=\"iheading.default\">\n\t\t\t\t<div class=\"elementor-widget-container\">\n\t\t\t\t\t\t\t<div class=\"ot-heading\">\r\n\t        \t            <span>Tambi\u00e9n<\/span>\r\n\t        <h2 class=\"main-heading\">Aprovechamiento y administraci\u00f3n del tiempo<\/h2>\t    <\/div>\r\n\t    \t\t\t\t<\/div>\n\t\t\t\t<\/div>\n\t\t\t\t<div class=\"elementor-element elementor-element-fad47ff elementor-widget elementor-widget-text-editor\" data-id=\"fad47ff\" data-element_type=\"widget\" data-e-type=\"widget\" data-widget_type=\"text-editor.default\">\n\t\t\t\t<div class=\"elementor-widget-container\">\n\t\t\t\t\t\t\t\t\t<p>Nosotros en Blue Sapphire HR, brindamos las capacitaciones enfocadas en la administraci\u00f3n del tiempo, desarrollando en sus empleados las nuevas formas de priorizar, planificar, y ejecutar sus labores de una manera organizada, mejorando su rendimiento y efectividad.<\/p>\n<p>En Blue Sapphire HR, le brindamos una amplia gama de programas flexibles y alineados a sus objetivos y requerimientos, cada programa esta dise\u00f1ado para llevarle las mejores herramientas de desarrollo en todos los \u00e1mbitos, desde los niveles bajos, hasta la alta gerencia y niveles corporativos.<\/p>\n<p>Estamos interesados en conocer sus requerimientos. Nuestro equipo de capacitaci\u00f3n le asesorar\u00e1 de la mejor manera.<\/p>\t\t\t\t\t\t\t\t<\/div>\n\t\t\t\t<\/div>\n\t\t\t\t\t<\/div>\n\t\t<\/div>\n\t\t\t\t\t<\/div>\n\t\t<\/section>\n\t\t\t\t\t<\/div>\n\t\t<\/div>\n\t\t\t\t\t<\/div>\n\t\t<\/section>\n\t\t\t\t<section class=\"elementor-section elementor-top-section elementor-element elementor-element-cde16f7 ot-traditional elementor-section-boxed elementor-section-height-default elementor-section-height-default\" data-id=\"cde16f7\" data-element_type=\"section\" data-e-type=\"section\">\n\t\t\t\t\t\t<div class=\"elementor-container elementor-column-gap-default\">\n\t\t\t\t\t<div class=\"elementor-column elementor-col-100 elementor-top-column elementor-element elementor-element-8db714d ot-flex-column-vertical\" data-id=\"8db714d\" data-element_type=\"column\" data-e-type=\"column\">\n\t\t\t<div class=\"elementor-widget-wrap elementor-element-populated\">\n\t\t\t\t\t\t<section class=\"elementor-section elementor-inner-section elementor-element elementor-element-fe5f8f2 elementor-section-full_width elementor-section-content-bottom ot-traditional elementor-section-height-default elementor-section-height-default\" data-id=\"fe5f8f2\" data-element_type=\"section\" data-e-type=\"section\" data-settings=\"{&quot;background_background&quot;:&quot;classic&quot;}\">\n\t\t\t\t\t\t\t<div class=\"elementor-background-overlay\"><\/div>\n\t\t\t\t\t\t\t<div class=\"elementor-container elementor-column-gap-extended\">\n\t\t\t\t\t<div class=\"elementor-column elementor-col-50 elementor-inner-column elementor-element elementor-element-f8018a6 ot-flex-column-vertical\" data-id=\"f8018a6\" data-element_type=\"column\" data-e-type=\"column\">\n\t\t\t<div class=\"elementor-widget-wrap elementor-element-populated\">\n\t\t\t\t\t\t<div class=\"elementor-element elementor-element-57692bd elementor-widget elementor-widget-iheading\" data-id=\"57692bd\" data-element_type=\"widget\" data-e-type=\"widget\" data-widget_type=\"iheading.default\">\n\t\t\t\t<div class=\"elementor-widget-container\">\n\t\t\t\t\t\t\t<div class=\"ot-heading\">\r\n\t        \t            <span>Pongase en contacto<\/span>\r\n\t        <h2 class=\"main-heading\">Necesita m\u00e1s informaci\u00f3n?\n<\/h2>\t    <\/div>\r\n\t    \t\t\t\t<\/div>\n\t\t\t\t<\/div>\n\t\t\t\t\t<\/div>\n\t\t<\/div>\n\t\t\t\t<div class=\"elementor-column elementor-col-50 elementor-inner-column elementor-element elementor-element-1a43ae4 ot-flex-column-vertical\" data-id=\"1a43ae4\" data-element_type=\"column\" data-e-type=\"column\">\n\t\t\t<div class=\"elementor-widget-wrap elementor-element-populated\">\n\t\t\t\t\t\t<div class=\"elementor-element elementor-element-c4e14e7 elementor-align-right elementor-mobile-align-left elementor-widget elementor-widget-button\" data-id=\"c4e14e7\" data-element_type=\"widget\" data-e-type=\"widget\" data-widget_type=\"button.default\">\n\t\t\t\t<div class=\"elementor-widget-container\">\n\t\t\t\t\t\t\t\t\t<div class=\"elementor-button-wrapper\">\n\t\t\t\t\t<a class=\"elementor-button elementor-button-link elementor-size-md\" href=\"http:\/\/bluesapphire-hr.com\/es\/contact-us\/\">\n\t\t\t\t\t\t<span class=\"elementor-button-content-wrapper\">\n\t\t\t\t\t\t\t\t\t<span class=\"elementor-button-text\">Cont\u00e1ctenos<\/span>\n\t\t\t\t\t<\/span>\n\t\t\t\t\t<\/a>\n\t\t\t\t<\/div>\n\t\t\t\t\t\t\t\t<\/div>\n\t\t\t\t<\/div>\n\t\t\t\t\t<\/div>\n\t\t<\/div>\n\t\t\t\t\t<\/div>\n\t\t<\/section>\n\t\t\t\t\t<\/div>\n\t\t<\/div>\n\t\t\t\t\t<\/div>\n\t\t<\/section>\n\t\t\t\t<\/div>","protected":false},"excerpt":{"rendered":"<p>Services We specialize in training organizations, groups, and professionals. Blue Sapphire HR understands the importance of coordinating regular training, so we have incorporated training and development programs in the United Arab Emirates. Developing the skills of your team Organizations need to be aware that their staff is the most important thing to expand their business, [&hellip;]<\/p>\n","protected":false},"author":1,"featured_media":0,"parent":5052,"menu_order":0,"comment_status":"closed","ping_status":"closed","template":"","meta":{"footnotes":""},"class_list":["post-5055","page","type-page","status-publish","hentry"],"_links":{"self":[{"href":"https:\/\/bluesapphire-hr.com\/es\/wp-json\/wp\/v2\/pages\/5055","targetHints":{"allow":["GET"]}}],"collection":[{"href":"https:\/\/bluesapphire-hr.com\/es\/wp-json\/wp\/v2\/pages"}],"about":[{"href":"https:\/\/bluesapphire-hr.com\/es\/wp-json\/wp\/v2\/types\/page"}],"author":[{"embeddable":true,"href":"https:\/\/bluesapphire-hr.com\/es\/wp-json\/wp\/v2\/users\/1"}],"replies":[{"embeddable":true,"href":"https:\/\/bluesapphire-hr.com\/es\/wp-json\/wp\/v2\/comments?post=5055"}],"version-history":[{"count":76,"href":"https:\/\/bluesapphire-hr.com\/es\/wp-json\/wp\/v2\/pages\/5055\/revisions"}],"predecessor-version":[{"id":5871,"href":"https:\/\/bluesapphire-hr.com\/es\/wp-json\/wp\/v2\/pages\/5055\/revisions\/5871"}],"up":[{"embeddable":true,"href":"https:\/\/bluesapphire-hr.com\/es\/wp-json\/wp\/v2\/pages\/5052"}],"wp:attachment":[{"href":"https:\/\/bluesapphire-hr.com\/es\/wp-json\/wp\/v2\/media?parent=5055"}],"curies":[{"name":"wp","href":"https:\/\/api.w.org\/{rel}","templated":true}]}}